{"id":8049,"date":"2025-03-20T16:32:45","date_gmt":"2025-03-20T16:32:45","guid":{"rendered":"https:\/\/silenthome.com\/produto\/small-rectangle-candeeiro-clear\/"},"modified":"2026-02-18T12:54:26","modified_gmt":"2026-02-18T12:54:26","slug":"small-rectangle-candeeiro-clear","status":"publish","type":"product","link":"https:\/\/silenthome.com\/es\/producto\/small-rectangle-candeeiro-clear\/","title":{"rendered":"LOP by BANG - Peque\u00f1a L\u00e1mpara Rectangular Transparente"},"content":{"rendered":"","protected":false},"excerpt":{"rendered":"<p>L\u1edaP l\u00e1mparas de B\u1eb1NG - Creado en Vietnam por el dise\u00f1ador franc\u00e9s Thomas Vincent, con un compromiso con la excelencia en la artesan\u00eda, el <strong>dise\u00f1o innovador<\/strong> y el<strong> calidad<\/strong> de fabricaci\u00f3n, las l\u00e1mparas de sobremesa pueden adaptarse a una gran variedad de estilos de interior y ambientes. La combinaci\u00f3n de la esfera et\u00e9rea con las capas transl\u00facidas crea un <strong>sensaci\u00f3n de ligereza<\/strong> e <strong>fluidez<\/strong>.<\/p>","protected":false},"featured_media":8967,"comment_status":"open","ping_status":"closed","template":"","meta":{"_acf_changed":false},"product_brand":[],"product_cat":[67],"product_tag":[],"class_list":{"0":"post-8049","1":"product","2":"type-product","3":"status-publish","4":"has-post-thumbnail","6":"product_cat-candeeiros-de-mesa","8":"first","9":"instock","10":"taxable","11":"shipping-taxable","12":"purchasable","13":"product-type-simple"},"acf":[],"aioseo_notices":[],"_links":{"self":[{"href":"https:\/\/silenthome.com\/es\/wp-json\/wp\/v2\/product\/8049","targetHints":{"allow":["GET"]}}],"collection":[{"href":"https:\/\/silenthome.com\/es\/wp-json\/wp\/v2\/product"}],"about":[{"href":"https:\/\/silenthome.com\/es\/wp-json\/wp\/v2\/types\/product"}],"replies":[{"embeddable":true,"href":"https:\/\/silenthome.com\/es\/wp-json\/wp\/v2\/comments?post=8049"}],"wp:featuredmedia":[{"embeddable":true,"href":"https:\/\/silenthome.com\/es\/wp-json\/wp\/v2\/media\/8967"}],"wp:attachment":[{"href":"https:\/\/silenthome.com\/es\/wp-json\/wp\/v2\/media?parent=8049"}],"wp:term":[{"taxonomy":"product_brand","embeddable":true,"href":"https:\/\/silenthome.com\/es\/wp-json\/wp\/v2\/product_brand?post=8049"},{"taxonomy":"product_cat","embeddable":true,"href":"https:\/\/silenthome.com\/es\/wp-json\/wp\/v2\/product_cat?post=8049"},{"taxonomy":"product_tag","embeddable":true,"href":"https:\/\/silenthome.com\/es\/wp-json\/wp\/v2\/product_tag?post=8049"}],"curies":[{"name":"wp","href":"https:\/\/api.w.org\/{rel}","templated":true}]}}