{"id":792,"date":"2024-04-16T10:46:04","date_gmt":"2024-04-16T09:46:04","guid":{"rendered":"https:\/\/silenthome.com\/produto\/vela-perfumada-de-3-pavios-santal-tonka-600-gr\/"},"modified":"2026-02-14T17:58:42","modified_gmt":"2026-02-14T17:58:42","slug":"vela-perfumada-de-3-pavios-santal-tonka-600-gr","status":"publish","type":"product","link":"https:\/\/silenthome.com\/es\/producto\/vela-perfumada-de-3-pavios-santal-tonka-600-gr\/","title":{"rendered":"Vela perfumada 3 mechas Santal &amp; Tonka 600 gr Cereria Moll\u00e1 1899"},"content":{"rendered":"<p>Una combinaci\u00f3n de experiencia artesanal desde 1899 y materias primas de alta calidad convierten a las velas perfumadas CERERIA MOLL\u00c1 en ambientadores equilibrados y ecol\u00f3gicos que exhalan gradualmente las fragancias cuidadosamente seleccionadas por los maestros perfumistas.<\/p>\n<p>Para sacar el m\u00e1ximo partido a su vela y garantizar su seguridad, calidad y durabilidad, le recomendamos<br \/>\nLa primera vez que utilices tu vela, para evitar que se formen imperfecciones y cr\u00e1teres, deja la vela encendida durante unas horas (m\u00e1ximo 3 horas) o al menos hasta que la capa superior de cera est\u00e9 completamente l\u00edquida.<br \/>\nPara evitar que el vaso de la vela se sobrecaliente o se llene de humo, corta la mecha con regularidad.<br \/>\nRecomendamos que la mecha mida entre 3 y 5 mm, utilice un cortapelos adecuado para cortar mechas.<br \/>\nCada vez que apagues la vela, utiliza preferiblemente un apagavelas o c\u00fabrela con la tapa de madera para evitar que la cera l\u00edquida se derrame o desprenda humo y olores caracter\u00edsticos.<br \/>\nSi cubres la vela con la tapa, la falta de ox\u00edgeno har\u00e1 que se apague.<br \/>\nNunca enciendas la vela al alcance de ni\u00f1os, corrientes de aire o animales dom\u00e9sticos.<\/p>\n<p><strong>Pir\u00e1mide olfativa:<\/strong><\/p>\n<p>Notas de salida: ra\u00edz de lirio, cardamomo, eucalipto fresco<br \/>\nNotas de cuerpo: cedro, leche condensada, \u00e1mbar blanco<br \/>\nNotas de Fondo: Almizcle, Tonka, S\u00e1ndalo Blanco<\/p>","protected":false},"excerpt":{"rendered":"<p>Vela perfumada <strong>100% vegetal<\/strong> con mechas de algod\u00f3n, fabricadas a mano en el <strong>Aroma de santal y tonka<\/strong>. Una fragancia que te lleva a <strong>viaje profundo y m\u00edstico,<\/strong> que a trav\u00e9s de su <strong>base le\u00f1osa<\/strong>Enriquece el entorno y despierta los sentidos de quienes te rodean.<\/p>\n<p><strong>Duraci\u00f3n: 80 horas aproximadamente<\/strong><\/p>","protected":false},"featured_media":767,"comment_status":"open","ping_status":"closed","template":"","meta":{"_acf_changed":false},"product_brand":[],"product_cat":[52,53],"product_tag":[],"class_list":{"0":"post-792","1":"product","2":"type-product","3":"status-publish","4":"has-post-thumbnail","6":"product_cat-fragrancias","7":"product_cat-velas","9":"first","10":"instock","11":"taxable","12":"shipping-taxable","13":"purchasable","14":"product-type-simple"},"acf":[],"aioseo_notices":[],"_links":{"self":[{"href":"https:\/\/silenthome.com\/es\/wp-json\/wp\/v2\/product\/792","targetHints":{"allow":["GET"]}}],"collection":[{"href":"https:\/\/silenthome.com\/es\/wp-json\/wp\/v2\/product"}],"about":[{"href":"https:\/\/silenthome.com\/es\/wp-json\/wp\/v2\/types\/product"}],"replies":[{"embeddable":true,"href":"https:\/\/silenthome.com\/es\/wp-json\/wp\/v2\/comments?post=792"}],"wp:featuredmedia":[{"embeddable":true,"href":"https:\/\/silenthome.com\/es\/wp-json\/wp\/v2\/media\/767"}],"wp:attachment":[{"href":"https:\/\/silenthome.com\/es\/wp-json\/wp\/v2\/media?parent=792"}],"wp:term":[{"taxonomy":"product_brand","embeddable":true,"href":"https:\/\/silenthome.com\/es\/wp-json\/wp\/v2\/product_brand?post=792"},{"taxonomy":"product_cat","embeddable":true,"href":"https:\/\/silenthome.com\/es\/wp-json\/wp\/v2\/product_cat?post=792"},{"taxonomy":"product_tag","embeddable":true,"href":"https:\/\/silenthome.com\/es\/wp-json\/wp\/v2\/product_tag?post=792"}],"curies":[{"name":"wp","href":"https:\/\/api.w.org\/{rel}","templated":true}]}}