{"id":6838,"date":"2025-02-07T17:40:10","date_gmt":"2025-02-07T17:40:10","guid":{"rendered":"https:\/\/silenthome.com\/produto\/incenso-bergamotto-di-calabria-20-unidades\/"},"modified":"2026-04-23T16:22:24","modified_gmt":"2026-04-23T15:22:24","slug":"incenso-bergamotto-di-calabria-20-unidades","status":"publish","type":"product","link":"https:\/\/silenthome.com\/es\/producto\/incenso-bergamotto-di-calabria-20-unidades\/","title":{"rendered":"Incienso Bergamotto Di Calabria, 20 piezas Cereria Moll\u00e1 1899"},"content":{"rendered":"","protected":false},"excerpt":{"rendered":"<p>D\u00e9jese envolver por<strong> frescura<\/strong> con incienso Bergamotto Di Calabria. Cada barrita libera notas c\u00edtricas de bergamota y lim\u00f3n, despertando los sentidos con un <strong>energ\u00eda vibrante y refrescante<\/strong>. En el coraz\u00f3n, los acordes florales y arom\u00e1ticos evocan un jard\u00edn mediterr\u00e1neo en plena floraci\u00f3n, mientras que el c\u00e1lido fondo de s\u00e1ndalo, vetiver y almizcle aporta confort y sofisticaci\u00f3n a la estancia. Transforme su espacio en un remanso de serenidad.<\/p>","protected":false},"featured_media":6898,"comment_status":"open","ping_status":"closed","template":"","meta":{"_acf_changed":false},"product_brand":[],"product_cat":[125],"product_tag":[],"class_list":{"0":"post-6838","1":"product","2":"type-product","3":"status-publish","4":"has-post-thumbnail","6":"product_cat-incensos","8":"first","9":"instock","10":"taxable","11":"shipping-taxable","12":"purchasable","13":"product-type-simple"},"acf":[],"aioseo_notices":[],"_links":{"self":[{"href":"https:\/\/silenthome.com\/es\/wp-json\/wp\/v2\/product\/6838","targetHints":{"allow":["GET"]}}],"collection":[{"href":"https:\/\/silenthome.com\/es\/wp-json\/wp\/v2\/product"}],"about":[{"href":"https:\/\/silenthome.com\/es\/wp-json\/wp\/v2\/types\/product"}],"replies":[{"embeddable":true,"href":"https:\/\/silenthome.com\/es\/wp-json\/wp\/v2\/comments?post=6838"}],"wp:featuredmedia":[{"embeddable":true,"href":"https:\/\/silenthome.com\/es\/wp-json\/wp\/v2\/media\/6898"}],"wp:attachment":[{"href":"https:\/\/silenthome.com\/es\/wp-json\/wp\/v2\/media?parent=6838"}],"wp:term":[{"taxonomy":"product_brand","embeddable":true,"href":"https:\/\/silenthome.com\/es\/wp-json\/wp\/v2\/product_brand?post=6838"},{"taxonomy":"product_cat","embeddable":true,"href":"https:\/\/silenthome.com\/es\/wp-json\/wp\/v2\/product_cat?post=6838"},{"taxonomy":"product_tag","embeddable":true,"href":"https:\/\/silenthome.com\/es\/wp-json\/wp\/v2\/product_tag?post=6838"}],"curies":[{"name":"wp","href":"https:\/\/api.w.org\/{rel}","templated":true}]}}