{"id":6837,"date":"2025-02-07T17:40:10","date_gmt":"2025-02-07T17:40:10","guid":{"rendered":"https:\/\/silenthome.com\/produto\/incenso-moroccan-cedar-20-unidades\/"},"modified":"2026-03-20T11:08:03","modified_gmt":"2026-03-20T11:08:03","slug":"incenso-moroccan-cedar-20-unidades","status":"publish","type":"product","link":"https:\/\/silenthome.com\/es\/producto\/incenso-moroccan-cedar-20-unidades\/","title":{"rendered":"Incienso Cedro de Marruecos, 20 piezas Cereria Moll\u00e1 1899"},"content":{"rendered":"","protected":false},"excerpt":{"rendered":"<p>D\u00e9jese envolver por <strong>aura ex\u00f3tica<\/strong> del Mediterr\u00e1neo con incienso de cedro marroqu\u00ed. Cada varilla libera un<strong> fragancia rica y envolvente<\/strong>Con vibrantes notas de especias, clavo y aldeh\u00eddos, evoluciona hacia la calidez amaderada del cedro y termina con un toque de \u00e1mbar, benju\u00ed y vainilla. Transforme cualquier espacio en <strong>remanso de serenidad y sofisticaci\u00f3n<\/strong>.<\/p>","protected":false},"featured_media":6896,"comment_status":"open","ping_status":"closed","template":"","meta":{"_acf_changed":false},"product_brand":[],"product_cat":[125],"product_tag":[],"class_list":{"0":"post-6837","1":"product","2":"type-product","3":"status-publish","4":"has-post-thumbnail","6":"product_cat-incensos","8":"first","9":"instock","10":"taxable","11":"shipping-taxable","12":"purchasable","13":"product-type-simple"},"acf":[],"aioseo_notices":[],"_links":{"self":[{"href":"https:\/\/silenthome.com\/es\/wp-json\/wp\/v2\/product\/6837","targetHints":{"allow":["GET"]}}],"collection":[{"href":"https:\/\/silenthome.com\/es\/wp-json\/wp\/v2\/product"}],"about":[{"href":"https:\/\/silenthome.com\/es\/wp-json\/wp\/v2\/types\/product"}],"replies":[{"embeddable":true,"href":"https:\/\/silenthome.com\/es\/wp-json\/wp\/v2\/comments?post=6837"}],"wp:featuredmedia":[{"embeddable":true,"href":"https:\/\/silenthome.com\/es\/wp-json\/wp\/v2\/media\/6896"}],"wp:attachment":[{"href":"https:\/\/silenthome.com\/es\/wp-json\/wp\/v2\/media?parent=6837"}],"wp:term":[{"taxonomy":"product_brand","embeddable":true,"href":"https:\/\/silenthome.com\/es\/wp-json\/wp\/v2\/product_brand?post=6837"},{"taxonomy":"product_cat","embeddable":true,"href":"https:\/\/silenthome.com\/es\/wp-json\/wp\/v2\/product_cat?post=6837"},{"taxonomy":"product_tag","embeddable":true,"href":"https:\/\/silenthome.com\/es\/wp-json\/wp\/v2\/product_tag?post=6837"}],"curies":[{"name":"wp","href":"https:\/\/api.w.org\/{rel}","templated":true}]}}