{"id":6835,"date":"2025-02-07T17:40:09","date_gmt":"2025-02-07T17:40:09","guid":{"rendered":"https:\/\/silenthome.com\/produto\/difusor-moroccan-cedar-250-ml\/"},"modified":"2026-02-03T17:52:47","modified_gmt":"2026-02-03T17:52:47","slug":"difusor-moroccan-cedar-250-ml","status":"publish","type":"product","link":"https:\/\/silenthome.com\/es\/producto\/difusor-moroccan-cedar-250-ml\/","title":{"rendered":"Difusor de Cedro Marroqu\u00ed 250 ml Cereria Moll\u00e1 1899"},"content":{"rendered":"<p>Una combinaci\u00f3n de saber hacer artesanal desde 1899 y materias primas de alta calidad hacen que los productos CERERIA MOLL\u00c1 sean equilibrados y ecol\u00f3gicos, exhalando las fragancias cuidadosamente seleccionadas por los maestros perfumistas.<\/p>\n<p><strong>Pir\u00e1mide olfativa:<\/strong><\/p>\n<p>Notas de Salida: Especiado, Incienso, Clavo, Aldeh\u00eddos<br \/>\nNotas de Cuerpo: Amaderado, Madera de Cedro<br \/>\nNotas de Fondo: Oriental, \u00c1mbar, Bals\u00e1mico, Benju\u00ed, Vainilla<\/p>","protected":false},"excerpt":{"rendered":"<p>Difusor ambientador <strong>250 ml<\/strong>en el aroma <strong>Cedro marroqu\u00ed.<\/strong> Esta fragancia te transporta a los paisajes del norte de \u00c1frica con su <strong>c\u00e1lidas notas de cedro marroqu\u00ed<\/strong>crear una atm\u00f3sfera de misterio y calidez en su hogar.<\/p>\n<p>&nbsp;<\/p>\n<p>&nbsp;<\/p>","protected":false},"featured_media":6863,"comment_status":"open","ping_status":"closed","template":"","meta":{"_acf_changed":false},"product_brand":[],"product_cat":[54],"product_tag":[],"class_list":{"0":"post-6835","1":"product","2":"type-product","3":"status-publish","4":"has-post-thumbnail","6":"product_cat-difusores","8":"first","9":"instock","10":"taxable","11":"shipping-taxable","12":"purchasable","13":"product-type-simple"},"acf":[],"aioseo_notices":[],"_links":{"self":[{"href":"https:\/\/silenthome.com\/es\/wp-json\/wp\/v2\/product\/6835","targetHints":{"allow":["GET"]}}],"collection":[{"href":"https:\/\/silenthome.com\/es\/wp-json\/wp\/v2\/product"}],"about":[{"href":"https:\/\/silenthome.com\/es\/wp-json\/wp\/v2\/types\/product"}],"replies":[{"embeddable":true,"href":"https:\/\/silenthome.com\/es\/wp-json\/wp\/v2\/comments?post=6835"}],"wp:featuredmedia":[{"embeddable":true,"href":"https:\/\/silenthome.com\/es\/wp-json\/wp\/v2\/media\/6863"}],"wp:attachment":[{"href":"https:\/\/silenthome.com\/es\/wp-json\/wp\/v2\/media?parent=6835"}],"wp:term":[{"taxonomy":"product_brand","embeddable":true,"href":"https:\/\/silenthome.com\/es\/wp-json\/wp\/v2\/product_brand?post=6835"},{"taxonomy":"product_cat","embeddable":true,"href":"https:\/\/silenthome.com\/es\/wp-json\/wp\/v2\/product_cat?post=6835"},{"taxonomy":"product_tag","embeddable":true,"href":"https:\/\/silenthome.com\/es\/wp-json\/wp\/v2\/product_tag?post=6835"}],"curies":[{"name":"wp","href":"https:\/\/api.w.org\/{rel}","templated":true}]}}