{"id":6830,"date":"2025-02-07T17:40:07","date_gmt":"2025-02-07T17:40:07","guid":{"rendered":"https:\/\/silenthome.com\/produto\/creme-de-maos-bergamotto-di-calabria-500-ml\/"},"modified":"2026-04-16T15:08:18","modified_gmt":"2026-04-16T14:08:18","slug":"creme-de-maos-bergamotto-di-calabria-500-ml","status":"publish","type":"product","link":"https:\/\/silenthome.com\/es\/producto\/creme-de-maos-bergamotto-di-calabria-500-ml\/","title":{"rendered":"Crema de Manos Bergamotto Di Calabria 500 ml Cereria Moll\u00e1 1899"},"content":{"rendered":"<p>Una combinaci\u00f3n de artesan\u00eda desde 1899 y materias primas de alta calidad hacen de los productos CERERIA MOLL\u00c1 los mejores del mundo. <strong>equilibrado<\/strong> e <strong>ecol\u00f3gico<\/strong>que destilan las fragancias cuidadosamente seleccionadas por maestros perfumistas<\/p>\n<p><strong>Pir\u00e1mide olfativa:<\/strong><\/p>\n<p><strong>Notas altas:<\/strong> C\u00edtrico, Afrutado, Bergamota, Lim\u00f3n<br \/>\n<strong>Notas corporales:<\/strong> Arom\u00e1tico, Floral<br \/>\n<strong>Notas de fondo:<\/strong> Amaderado, S\u00e1ndalo, Vetiver, Almizcle<\/p>","protected":false},"excerpt":{"rendered":"<p>Crema de manos y cuerpo <strong>500 ml<\/strong>en el aroma\u00a0<strong>Bergamotto Di Calabria<\/strong>Una fragancia enriquecida con extractos naturales de ch\u00eda, ginseng y karit\u00e9. Combina la vitalidad de <strong>bergamota<\/strong> <strong>de Calabria<\/strong> con la riqueza de <strong>s\u00e1ndalo<\/strong>la frescura de <strong>cardamomo<\/strong> y la vivacidad de <strong>cal<\/strong>.<\/p>","protected":false},"featured_media":6892,"comment_status":"open","ping_status":"closed","template":"","meta":{"_acf_changed":false},"product_brand":[],"product_cat":[57],"product_tag":[],"class_list":{"0":"post-6830","1":"product","2":"type-product","3":"status-publish","4":"has-post-thumbnail","6":"product_cat-cosmeticos","8":"first","9":"instock","10":"taxable","11":"shipping-taxable","12":"purchasable","13":"product-type-simple"},"acf":[],"aioseo_notices":[],"_links":{"self":[{"href":"https:\/\/silenthome.com\/es\/wp-json\/wp\/v2\/product\/6830","targetHints":{"allow":["GET"]}}],"collection":[{"href":"https:\/\/silenthome.com\/es\/wp-json\/wp\/v2\/product"}],"about":[{"href":"https:\/\/silenthome.com\/es\/wp-json\/wp\/v2\/types\/product"}],"replies":[{"embeddable":true,"href":"https:\/\/silenthome.com\/es\/wp-json\/wp\/v2\/comments?post=6830"}],"wp:featuredmedia":[{"embeddable":true,"href":"https:\/\/silenthome.com\/es\/wp-json\/wp\/v2\/media\/6892"}],"wp:attachment":[{"href":"https:\/\/silenthome.com\/es\/wp-json\/wp\/v2\/media?parent=6830"}],"wp:term":[{"taxonomy":"product_brand","embeddable":true,"href":"https:\/\/silenthome.com\/es\/wp-json\/wp\/v2\/product_brand?post=6830"},{"taxonomy":"product_cat","embeddable":true,"href":"https:\/\/silenthome.com\/es\/wp-json\/wp\/v2\/product_cat?post=6830"},{"taxonomy":"product_tag","embeddable":true,"href":"https:\/\/silenthome.com\/es\/wp-json\/wp\/v2\/product_tag?post=6830"}],"curies":[{"name":"wp","href":"https:\/\/api.w.org\/{rel}","templated":true}]}}