{"id":6828,"date":"2025-02-07T17:40:06","date_gmt":"2025-02-07T17:40:06","guid":{"rendered":"https:\/\/silenthome.com\/produto\/sabonete-liquido-bergamotto-di-calabria-500-ml\/"},"modified":"2026-05-02T18:08:07","modified_gmt":"2026-05-02T17:08:07","slug":"sabonete-liquido-bergamotto-di-calabria-500-ml","status":"publish","type":"product","link":"https:\/\/silenthome.com\/es\/producto\/sabonete-liquido-bergamotto-di-calabria-500-ml\/","title":{"rendered":"Jab\u00f3n L\u00edquido Bergamotto Di Calabria 500 ml Cereria Moll\u00e1 1899"},"content":{"rendered":"<p>Una combinaci\u00f3n de saber hacer artesanal desde 1899 y materias primas de alta calidad hacen que los productos CERERIA MOLL\u00c1 sean equilibrados y ecol\u00f3gicos, exhalando las fragancias cuidadosamente seleccionadas por los maestros perfumistas.<\/p>\n<p><strong>Pir\u00e1mide olfativa:<\/strong><\/p>\n<p>Notas de Salida: C\u00edtrico, Afrutado, Bergamota, Lim\u00f3n<br \/>\nNotas de cuerpo: Arom\u00e1tico, Floral<br \/>\nNotas de Fondo: Amaderado, S\u00e1ndalo, Vetiver, Almizcle<\/p>","protected":false},"excerpt":{"rendered":"<p>Jab\u00f3n l\u00edquido <strong>500 ml<\/strong>en el aroma <strong>Bergamotto Di Calabria<\/strong>Una fragancia enriquecida con extractos naturales de ch\u00eda, ginseng y karit\u00e9. Combina la vitalidad de <strong>bergamota<\/strong> de Calabria con la riqueza de <strong>s\u00e1ndalo<\/strong>la frescura de <strong>cardamomo<\/strong> y la vivacidad de <strong>cal<\/strong>.<\/p>\n<p>&nbsp;<\/p>\n<p>&nbsp;<\/p>","protected":false},"featured_media":6882,"comment_status":"open","ping_status":"closed","template":"","meta":{"_acf_changed":false},"product_brand":[],"product_cat":[57],"product_tag":[],"class_list":{"0":"post-6828","1":"product","2":"type-product","3":"status-publish","4":"has-post-thumbnail","6":"product_cat-cosmeticos","8":"first","9":"instock","10":"taxable","11":"shipping-taxable","12":"purchasable","13":"product-type-simple"},"acf":[],"aioseo_notices":[],"_links":{"self":[{"href":"https:\/\/silenthome.com\/es\/wp-json\/wp\/v2\/product\/6828","targetHints":{"allow":["GET"]}}],"collection":[{"href":"https:\/\/silenthome.com\/es\/wp-json\/wp\/v2\/product"}],"about":[{"href":"https:\/\/silenthome.com\/es\/wp-json\/wp\/v2\/types\/product"}],"replies":[{"embeddable":true,"href":"https:\/\/silenthome.com\/es\/wp-json\/wp\/v2\/comments?post=6828"}],"wp:featuredmedia":[{"embeddable":true,"href":"https:\/\/silenthome.com\/es\/wp-json\/wp\/v2\/media\/6882"}],"wp:attachment":[{"href":"https:\/\/silenthome.com\/es\/wp-json\/wp\/v2\/media?parent=6828"}],"wp:term":[{"taxonomy":"product_brand","embeddable":true,"href":"https:\/\/silenthome.com\/es\/wp-json\/wp\/v2\/product_brand?post=6828"},{"taxonomy":"product_cat","embeddable":true,"href":"https:\/\/silenthome.com\/es\/wp-json\/wp\/v2\/product_cat?post=6828"},{"taxonomy":"product_tag","embeddable":true,"href":"https:\/\/silenthome.com\/es\/wp-json\/wp\/v2\/product_tag?post=6828"}],"curies":[{"name":"wp","href":"https:\/\/api.w.org\/{rel}","templated":true}]}}