{"id":6826,"date":"2025-02-07T17:40:05","date_gmt":"2025-02-07T17:40:05","guid":{"rendered":"https:\/\/silenthome.com\/produto\/sabonete-bergamotto-di-calabria\/"},"modified":"2026-04-20T12:07:31","modified_gmt":"2026-04-20T11:07:31","slug":"sabonete-bergamotto-di-calabria","status":"publish","type":"product","link":"https:\/\/silenthome.com\/es\/producto\/sabonete-bergamotto-di-calabria\/","title":{"rendered":"Jab\u00f3n Bergamotto Di Calabria Cereria Moll\u00e1 1899"},"content":{"rendered":"<p>Una combinaci\u00f3n de artesan\u00eda desde 1899 y materias primas de alta calidad hacen que los productos CERERIA MOLL\u00c1 sean equilibrados y ecol\u00f3gicos, exudando las fragancias cuidadosamente seleccionadas por maestros perfumistas.<\/p>\n<p>Notas de Salida: C\u00edtrico, Afrutado, Bergamota, Lim\u00f3n<br \/>\nNotas de cuerpo: Arom\u00e1tico, Floral<br \/>\nNotas de Fondo: Amaderado, S\u00e1ndalo, Vetiver, Almizcle<\/p>","protected":false},"excerpt":{"rendered":"<p>Jab\u00f3n de manos perfumado <strong>Bergamotto Di Calabria<\/strong>Una fragancia enriquecida con extractos naturales de ch\u00eda, ginseng y karit\u00e9. Combina la vitalidad de <strong>bergamota<\/strong> de Calabria con la riqueza de <strong>s\u00e1ndalo<\/strong>la frescura de <strong>cardamomo<\/strong> y la vivacidad de <strong>cal<\/strong>.<\/p>\n<p>&nbsp;<\/p>","protected":false},"featured_media":6890,"comment_status":"open","ping_status":"closed","template":"","meta":{"_acf_changed":false},"product_brand":[],"product_cat":[57],"product_tag":[],"class_list":{"0":"post-6826","1":"product","2":"type-product","3":"status-publish","4":"has-post-thumbnail","6":"product_cat-cosmeticos","8":"first","9":"instock","10":"taxable","11":"shipping-taxable","12":"purchasable","13":"product-type-simple"},"acf":[],"aioseo_notices":[],"_links":{"self":[{"href":"https:\/\/silenthome.com\/es\/wp-json\/wp\/v2\/product\/6826","targetHints":{"allow":["GET"]}}],"collection":[{"href":"https:\/\/silenthome.com\/es\/wp-json\/wp\/v2\/product"}],"about":[{"href":"https:\/\/silenthome.com\/es\/wp-json\/wp\/v2\/types\/product"}],"replies":[{"embeddable":true,"href":"https:\/\/silenthome.com\/es\/wp-json\/wp\/v2\/comments?post=6826"}],"wp:featuredmedia":[{"embeddable":true,"href":"https:\/\/silenthome.com\/es\/wp-json\/wp\/v2\/media\/6890"}],"wp:attachment":[{"href":"https:\/\/silenthome.com\/es\/wp-json\/wp\/v2\/media?parent=6826"}],"wp:term":[{"taxonomy":"product_brand","embeddable":true,"href":"https:\/\/silenthome.com\/es\/wp-json\/wp\/v2\/product_brand?post=6826"},{"taxonomy":"product_cat","embeddable":true,"href":"https:\/\/silenthome.com\/es\/wp-json\/wp\/v2\/product_cat?post=6826"},{"taxonomy":"product_tag","embeddable":true,"href":"https:\/\/silenthome.com\/es\/wp-json\/wp\/v2\/product_tag?post=6826"}],"curies":[{"name":"wp","href":"https:\/\/api.w.org\/{rel}","templated":true}]}}