{"id":6825,"date":"2025-02-07T17:40:05","date_gmt":"2025-02-07T17:40:05","guid":{"rendered":"https:\/\/silenthome.com\/produto\/sabonete-santal-tonka\/"},"modified":"2026-03-17T13:08:00","modified_gmt":"2026-03-17T13:08:00","slug":"sabonete-santal-tonka","status":"publish","type":"product","link":"https:\/\/silenthome.com\/es\/producto\/sabonete-santal-tonka\/","title":{"rendered":"Jab\u00f3n Santal &amp; Tonka Cereria Moll\u00e1 1899"},"content":{"rendered":"<p>Una combinaci\u00f3n de artesan\u00eda desde 1899 y materias primas de alta calidad hacen de los productos CERERIA MOLL\u00c1 los mejores del mundo. <strong>equilibrada y ecol\u00f3gica<\/strong>Desprenden fragancias cuidadosamente seleccionadas por maestros perfumistas.<\/p>","protected":false},"excerpt":{"rendered":"<p>Jab\u00f3n de manos perfumado <strong>Santal y Tonka<\/strong>. Una fragancia que te lleva de viaje\u00a0<strong>profundo y m\u00edstico<\/strong>que, a trav\u00e9s de su\u00a0<strong>base le\u00f1osa<\/strong>Enriquece el entorno y despierta los sentidos de quienes te rodean.<\/p>","protected":false},"featured_media":653,"comment_status":"open","ping_status":"closed","template":"","meta":{"_acf_changed":false},"product_brand":[],"product_cat":[57],"product_tag":[],"class_list":{"0":"post-6825","1":"product","2":"type-product","3":"status-publish","4":"has-post-thumbnail","6":"product_cat-cosmeticos","8":"first","9":"instock","10":"taxable","11":"shipping-taxable","12":"purchasable","13":"product-type-simple"},"acf":[],"aioseo_notices":[],"_links":{"self":[{"href":"https:\/\/silenthome.com\/es\/wp-json\/wp\/v2\/product\/6825","targetHints":{"allow":["GET"]}}],"collection":[{"href":"https:\/\/silenthome.com\/es\/wp-json\/wp\/v2\/product"}],"about":[{"href":"https:\/\/silenthome.com\/es\/wp-json\/wp\/v2\/types\/product"}],"replies":[{"embeddable":true,"href":"https:\/\/silenthome.com\/es\/wp-json\/wp\/v2\/comments?post=6825"}],"wp:featuredmedia":[{"embeddable":true,"href":"https:\/\/silenthome.com\/es\/wp-json\/wp\/v2\/media\/653"}],"wp:attachment":[{"href":"https:\/\/silenthome.com\/es\/wp-json\/wp\/v2\/media?parent=6825"}],"wp:term":[{"taxonomy":"product_brand","embeddable":true,"href":"https:\/\/silenthome.com\/es\/wp-json\/wp\/v2\/product_brand?post=6825"},{"taxonomy":"product_cat","embeddable":true,"href":"https:\/\/silenthome.com\/es\/wp-json\/wp\/v2\/product_cat?post=6825"},{"taxonomy":"product_tag","embeddable":true,"href":"https:\/\/silenthome.com\/es\/wp-json\/wp\/v2\/product_tag?post=6825"}],"curies":[{"name":"wp","href":"https:\/\/api.w.org\/{rel}","templated":true}]}}