{"id":6820,"date":"2025-02-07T17:40:02","date_gmt":"2025-02-07T17:40:02","guid":{"rendered":"https:\/\/silenthome.com\/produto\/vela-perfumada-xxl-de-4-pavios-bergamotto-di-calabria-35kg\/"},"modified":"2026-04-16T15:08:13","modified_gmt":"2026-04-16T14:08:13","slug":"vela-perfumada-xxl-de-4-pavios-bergamotto-di-calabria-35kg","status":"publish","type":"product","link":"https:\/\/silenthome.com\/es\/producto\/vela-perfumada-xxl-de-4-pavios-bergamotto-di-calabria-35kg\/","title":{"rendered":"Vela perfumada Bergamotto Di Calabria 4 mechas XXL 3,5kg Cereria Moll\u00e1 1899"},"content":{"rendered":"<p>Una combinaci\u00f3n de saber hacer artesanal desde 1899 y materias primas de alta calidad hacen que los productos CERERIA MOLL\u00c1 sean equilibrados y ecol\u00f3gicos, exhalando las fragancias cuidadosamente seleccionadas por los maestros perfumistas.<\/p>\n<p>Para sacar el m\u00e1ximo partido a su vela y garantizar su seguridad, calidad y durabilidad, le recomendamos<\/p>\n<p>La primera vez que utilices tu vela, para evitar que se formen imperfecciones y cr\u00e1teres, deja la vela encendida durante unas horas (m\u00e1ximo 3 horas) o al menos hasta que la capa superior de cera est\u00e9 completamente l\u00edquida.<\/p>\n<p>Para evitar que el vaso de la vela se sobrecaliente o se llene de humo, corta la mecha con regularidad.<\/p>\n<p>Recomendamos que la mecha mida entre 3 y 5 mm, utilice un cortapelos adecuado para cortar mechas.<\/p>\n<p>Cada vez que apagues la vela, utiliza preferiblemente un apagavelas o c\u00fabrela con la tapa de madera para evitar que la cera l\u00edquida se derrame o desprenda humo y olores caracter\u00edsticos.<\/p>\n<p>Si cubres la vela con la tapa, la falta de ox\u00edgeno har\u00e1 que se apague.<\/p>\n<p>Nunca enciendas la vela al alcance de ni\u00f1os, corrientes de aire o animales dom\u00e9sticos.<\/p>\n<p><strong>Pir\u00e1mide olfativa:<\/strong><\/p>\n<p>Notas de Salida: C\u00edtrico, Afrutado, Bergamota, Lim\u00f3n<br \/>\nNotas de cuerpo: Arom\u00e1tico, Floral<br \/>\nNotas de Fondo: Amaderado, S\u00e1ndalo, Vetiver, Almizcle<\/p>","protected":false},"excerpt":{"rendered":"<p>Vela perfumada <strong>100% vegetal con mecha de algod\u00f3n<\/strong>aromatizante artesanal B<strong>ergamotto Di Calabria<\/strong>, a<strong> perfume enriquecido con extractos naturales de ch\u00eda<\/strong>ginseng y karit\u00e9. Combina la vitalidad de <strong>Bergamota de Calabria<\/strong> con la riqueza del s\u00e1ndalo, la frescura del cardamomo y la vivacidad de la lima.<\/p>\n<p><strong>Duraci\u00f3n: 200 horas aproximadamente<\/strong><\/p>","protected":false},"featured_media":6858,"comment_status":"open","ping_status":"closed","template":"","meta":{"_acf_changed":false},"product_brand":[],"product_cat":[53],"product_tag":[],"class_list":{"0":"post-6820","1":"product","2":"type-product","3":"status-publish","4":"has-post-thumbnail","6":"product_cat-velas","8":"first","9":"instock","10":"taxable","11":"shipping-taxable","12":"purchasable","13":"product-type-simple"},"acf":[],"aioseo_notices":[],"_links":{"self":[{"href":"https:\/\/silenthome.com\/es\/wp-json\/wp\/v2\/product\/6820","targetHints":{"allow":["GET"]}}],"collection":[{"href":"https:\/\/silenthome.com\/es\/wp-json\/wp\/v2\/product"}],"about":[{"href":"https:\/\/silenthome.com\/es\/wp-json\/wp\/v2\/types\/product"}],"replies":[{"embeddable":true,"href":"https:\/\/silenthome.com\/es\/wp-json\/wp\/v2\/comments?post=6820"}],"wp:featuredmedia":[{"embeddable":true,"href":"https:\/\/silenthome.com\/es\/wp-json\/wp\/v2\/media\/6858"}],"wp:attachment":[{"href":"https:\/\/silenthome.com\/es\/wp-json\/wp\/v2\/media?parent=6820"}],"wp:term":[{"taxonomy":"product_brand","embeddable":true,"href":"https:\/\/silenthome.com\/es\/wp-json\/wp\/v2\/product_brand?post=6820"},{"taxonomy":"product_cat","embeddable":true,"href":"https:\/\/silenthome.com\/es\/wp-json\/wp\/v2\/product_cat?post=6820"},{"taxonomy":"product_tag","embeddable":true,"href":"https:\/\/silenthome.com\/es\/wp-json\/wp\/v2\/product_tag?post=6820"}],"curies":[{"name":"wp","href":"https:\/\/api.w.org\/{rel}","templated":true}]}}