{"id":6819,"date":"2025-02-07T17:40:02","date_gmt":"2025-02-07T17:40:02","guid":{"rendered":"https:\/\/silenthome.com\/produto\/vela-perfumada-xxl-de-4-pavios-moroccan-cedar-35kg\/"},"modified":"2026-02-03T18:14:55","modified_gmt":"2026-02-03T18:14:55","slug":"vela-perfumada-xxl-de-4-pavios-moroccan-cedar-35kg","status":"publish","type":"product","link":"https:\/\/silenthome.com\/es\/producto\/vela-perfumada-xxl-de-4-pavios-moroccan-cedar-35kg\/","title":{"rendered":"Vela Perfumada 4 Mechas Cedro Marroqu\u00ed XXL 3,5kg Cereria Moll\u00e1 1899"},"content":{"rendered":"<p>Una combinaci\u00f3n de saber hacer artesanal desde 1899 y materias primas de alta calidad hacen que los productos CERERIA MOLL\u00c1 sean equilibrados y ecol\u00f3gicos, exhalando las fragancias cuidadosamente seleccionadas por los maestros perfumistas.<\/p>\n<p>Para sacar el m\u00e1ximo partido a su vela y garantizar su seguridad, calidad y durabilidad, le recomendamos<\/p>\n<p>La primera vez que utilices tu vela, para evitar que se formen imperfecciones y cr\u00e1teres, deja la vela encendida durante unas horas (m\u00e1ximo 3 horas) o al menos hasta que la capa superior de cera est\u00e9 completamente l\u00edquida.<\/p>\n<p>Para evitar que el vaso de la vela se sobrecaliente o se llene de humo, corta la mecha con regularidad.<\/p>\n<p>Recomendamos que la mecha mida entre 3 y 5 mm, utilice un cortapelos adecuado para cortar mechas.<\/p>\n<p>Cada vez que apagues la vela, utiliza preferiblemente un apagavelas o c\u00fabrela con la tapa de madera para evitar que la cera l\u00edquida se derrame o desprenda humo y olores caracter\u00edsticos.<\/p>\n<p>Si cubres la vela con la tapa, la falta de ox\u00edgeno har\u00e1 que se apague.<\/p>\n<p>Nunca enciendas la vela al alcance de ni\u00f1os, corrientes de aire o animales dom\u00e9sticos.<\/p>\n<p><strong>Pir\u00e1mide olfativa:<\/strong><\/p>\n<p>Notas de Salida: Especiado, Incienso, Clavo, Aldeh\u00eddos<br \/>\nNotas de Cuerpo: Amaderado, Madera de Cedro<br \/>\nNotas de Fondo: Oriental, \u00c1mbar, Bals\u00e1mico, Benju\u00ed, Vainilla<\/p>","protected":false},"excerpt":{"rendered":"<p>Vela perfumada <strong>100% vegetal con mechas de algod\u00f3n<\/strong>producidos a mano en la <strong>Aroma de cedro marroqu\u00ed<\/strong>. Esta fragancia te transporta a los paisajes del norte de \u00c1frica, con su <strong>c\u00e1lidas notas de cedro marroqu\u00ed<\/strong>crear una atm\u00f3sfera de misterio y calidez en su hogar.<\/p>\n<p><strong>Duraci\u00f3n: 200 horas aproximadamente<\/strong><\/p>","protected":false},"featured_media":6856,"comment_status":"open","ping_status":"closed","template":"","meta":{"_acf_changed":false},"product_brand":[],"product_cat":[53],"product_tag":[],"class_list":{"0":"post-6819","1":"product","2":"type-product","3":"status-publish","4":"has-post-thumbnail","6":"product_cat-velas","8":"first","9":"instock","10":"taxable","11":"shipping-taxable","12":"purchasable","13":"product-type-simple"},"acf":[],"aioseo_notices":[],"_links":{"self":[{"href":"https:\/\/silenthome.com\/es\/wp-json\/wp\/v2\/product\/6819","targetHints":{"allow":["GET"]}}],"collection":[{"href":"https:\/\/silenthome.com\/es\/wp-json\/wp\/v2\/product"}],"about":[{"href":"https:\/\/silenthome.com\/es\/wp-json\/wp\/v2\/types\/product"}],"replies":[{"embeddable":true,"href":"https:\/\/silenthome.com\/es\/wp-json\/wp\/v2\/comments?post=6819"}],"wp:featuredmedia":[{"embeddable":true,"href":"https:\/\/silenthome.com\/es\/wp-json\/wp\/v2\/media\/6856"}],"wp:attachment":[{"href":"https:\/\/silenthome.com\/es\/wp-json\/wp\/v2\/media?parent=6819"}],"wp:term":[{"taxonomy":"product_brand","embeddable":true,"href":"https:\/\/silenthome.com\/es\/wp-json\/wp\/v2\/product_brand?post=6819"},{"taxonomy":"product_cat","embeddable":true,"href":"https:\/\/silenthome.com\/es\/wp-json\/wp\/v2\/product_cat?post=6819"},{"taxonomy":"product_tag","embeddable":true,"href":"https:\/\/silenthome.com\/es\/wp-json\/wp\/v2\/product_tag?post=6819"}],"curies":[{"name":"wp","href":"https:\/\/api.w.org\/{rel}","templated":true}]}}