{"id":6654,"date":"2025-01-22T10:08:13","date_gmt":"2025-01-22T10:08:13","guid":{"rendered":"https:\/\/silenthome.com\/produto\/porta-rolo-ceramica-e-acacia-bege-2\/"},"modified":"2025-05-27T14:17:50","modified_gmt":"2025-05-27T13:17:50","slug":"porta-rolo-ceramica-e-acacia-bege-2","status":"publish","type":"product","link":"https:\/\/silenthome.com\/es\/producto\/porta-rolo-ceramica-e-acacia-bege-2\/","title":{"rendered":"PORTARROLLOS DE CER\u00c1MICA Y ACACIA BEIGE"},"content":{"rendered":"","protected":false},"excerpt":{"rendered":"<p>El portarrollos de cer\u00e1mica y madera de acacia es un <strong>soluci\u00f3n pr\u00e1ctica y resistente <\/strong>para el uso diario en su cocina. Con un <strong>aspecto ligero y discreto<\/strong>combina la <strong data-start=\"303\" data-end=\"328\">elegancia<\/strong> de la cer\u00e1mica con la textura natural de la madera, creando un equilibrio visual que se integra f\u00e1cilmente en cualquier tipo de cocina.<\/p>","protected":false},"featured_media":6677,"comment_status":"open","ping_status":"closed","template":"","meta":{"_acf_changed":false},"product_brand":[],"product_cat":[121,119],"product_tag":[],"class_list":{"0":"post-6654","1":"product","2":"type-product","3":"status-publish","4":"has-post-thumbnail","6":"product_cat-acessorios-de-cozinha-cozinha","7":"product_cat-mesa-e-cozinha","9":"first","10":"instock","11":"taxable","12":"shipping-taxable","13":"purchasable","14":"product-type-simple"},"acf":[],"aioseo_notices":[],"_links":{"self":[{"href":"https:\/\/silenthome.com\/es\/wp-json\/wp\/v2\/product\/6654","targetHints":{"allow":["GET"]}}],"collection":[{"href":"https:\/\/silenthome.com\/es\/wp-json\/wp\/v2\/product"}],"about":[{"href":"https:\/\/silenthome.com\/es\/wp-json\/wp\/v2\/types\/product"}],"replies":[{"embeddable":true,"href":"https:\/\/silenthome.com\/es\/wp-json\/wp\/v2\/comments?post=6654"}],"wp:featuredmedia":[{"embeddable":true,"href":"https:\/\/silenthome.com\/es\/wp-json\/wp\/v2\/media\/6677"}],"wp:attachment":[{"href":"https:\/\/silenthome.com\/es\/wp-json\/wp\/v2\/media?parent=6654"}],"wp:term":[{"taxonomy":"product_brand","embeddable":true,"href":"https:\/\/silenthome.com\/es\/wp-json\/wp\/v2\/product_brand?post=6654"},{"taxonomy":"product_cat","embeddable":true,"href":"https:\/\/silenthome.com\/es\/wp-json\/wp\/v2\/product_cat?post=6654"},{"taxonomy":"product_tag","embeddable":true,"href":"https:\/\/silenthome.com\/es\/wp-json\/wp\/v2\/product_tag?post=6654"}],"curies":[{"name":"wp","href":"https:\/\/api.w.org\/{rel}","templated":true}]}}