{"id":6653,"date":"2025-01-22T10:08:13","date_gmt":"2025-01-22T10:08:13","guid":{"rendered":"https:\/\/silenthome.com\/produto\/saleiro-ceramica-e-bambu-branco\/"},"modified":"2025-12-07T18:15:27","modified_gmt":"2025-12-07T18:15:27","slug":"saleiro-ceramica-e-bambu-branco","status":"publish","type":"product","link":"https:\/\/silenthome.com\/es\/producto\/saleiro-ceramica-e-bambu-branco\/","title":{"rendered":"SALERO DE CER\u00c1MICA Y BAMB\u00da BLANCO"},"content":{"rendered":"","protected":false},"excerpt":{"rendered":"<p>El salero de cer\u00e1mica y bamb\u00fa es un <strong>soluci\u00f3n pr\u00e1ctica y resistente<\/strong> para el uso diario en su cocina. Con un<strong> aspecto ligero y discreto<\/strong>combina la elegancia de la cer\u00e1mica con la textura natural del bamb\u00fa, creando un equilibrio visual que se integra f\u00e1cilmente en cualquier tipo de cocina.<\/p>","protected":false},"featured_media":6676,"comment_status":"open","ping_status":"closed","template":"","meta":{"_acf_changed":false},"product_brand":[],"product_cat":[121,119],"product_tag":[],"class_list":{"0":"post-6653","1":"product","2":"type-product","3":"status-publish","4":"has-post-thumbnail","6":"product_cat-acessorios-de-cozinha-cozinha","7":"product_cat-mesa-e-cozinha","9":"first","10":"instock","11":"taxable","12":"shipping-taxable","13":"purchasable","14":"product-type-simple"},"acf":[],"aioseo_notices":[],"_links":{"self":[{"href":"https:\/\/silenthome.com\/es\/wp-json\/wp\/v2\/product\/6653","targetHints":{"allow":["GET"]}}],"collection":[{"href":"https:\/\/silenthome.com\/es\/wp-json\/wp\/v2\/product"}],"about":[{"href":"https:\/\/silenthome.com\/es\/wp-json\/wp\/v2\/types\/product"}],"replies":[{"embeddable":true,"href":"https:\/\/silenthome.com\/es\/wp-json\/wp\/v2\/comments?post=6653"}],"wp:featuredmedia":[{"embeddable":true,"href":"https:\/\/silenthome.com\/es\/wp-json\/wp\/v2\/media\/6676"}],"wp:attachment":[{"href":"https:\/\/silenthome.com\/es\/wp-json\/wp\/v2\/media?parent=6653"}],"wp:term":[{"taxonomy":"product_brand","embeddable":true,"href":"https:\/\/silenthome.com\/es\/wp-json\/wp\/v2\/product_brand?post=6653"},{"taxonomy":"product_cat","embeddable":true,"href":"https:\/\/silenthome.com\/es\/wp-json\/wp\/v2\/product_cat?post=6653"},{"taxonomy":"product_tag","embeddable":true,"href":"https:\/\/silenthome.com\/es\/wp-json\/wp\/v2\/product_tag?post=6653"}],"curies":[{"name":"wp","href":"https:\/\/api.w.org\/{rel}","templated":true}]}}