{"id":6475,"date":"2024-12-18T12:34:20","date_gmt":"2024-12-18T12:34:20","guid":{"rendered":"https:\/\/silenthome.com\/produto\/bambu-conjunto-de-6-chavenas-de-cafe\/"},"modified":"2026-03-10T16:19:58","modified_gmt":"2026-03-10T16:19:58","slug":"bambu-conjunto-de-6-chavenas-de-cafe-90ml","status":"publish","type":"product","link":"https:\/\/silenthome.com\/es\/producto\/bambu-conjunto-de-6-chavenas-de-cafe-90ml\/","title":{"rendered":"BAMB\u00da, JUEGO DE 6 TAZAS DE CAF\u00c9 DE 90 ML"},"content":{"rendered":"","protected":false},"excerpt":{"rendered":"<p><span class=\"relative -mx-px my-[-0.2rem] rounded px-px py-[0.2rem] transition-colors duration-100 ease-in-out\">Transforme a sua rotina de caf\u00e9 com o Conjunto de 6 Ch\u00e1venas Bambu, que combina a eleg\u00e2ncia da porcelana branca com a leveza e o charme do bambu natural. <strong>O design minimalista e funcional adapta-se facilmente a qualquer ambiente, seja na sua cozinha, escrit\u00f3rio ou como presente elegante.<\/strong><\/span><\/p>\n","protected":false},"featured_media":6489,"comment_status":"open","ping_status":"closed","template":"","meta":{"_acf_changed":false},"product_brand":[],"product_cat":[124,119],"product_tag":[],"class_list":{"0":"post-6475","1":"product","2":"type-product","3":"status-publish","4":"has-post-thumbnail","6":"product_cat-loica-de-mesa","7":"product_cat-mesa-e-cozinha","9":"first","10":"instock","11":"taxable","12":"shipping-taxable","13":"purchasable","14":"product-type-simple"},"acf":[],"aioseo_notices":[],"_links":{"self":[{"href":"https:\/\/silenthome.com\/es\/wp-json\/wp\/v2\/product\/6475","targetHints":{"allow":["GET"]}}],"collection":[{"href":"https:\/\/silenthome.com\/es\/wp-json\/wp\/v2\/product"}],"about":[{"href":"https:\/\/silenthome.com\/es\/wp-json\/wp\/v2\/types\/product"}],"replies":[{"embeddable":true,"href":"https:\/\/silenthome.com\/es\/wp-json\/wp\/v2\/comments?post=6475"}],"wp:featuredmedia":[{"embeddable":true,"href":"https:\/\/silenthome.com\/es\/wp-json\/wp\/v2\/media\/6489"}],"wp:attachment":[{"href":"https:\/\/silenthome.com\/es\/wp-json\/wp\/v2\/media?parent=6475"}],"wp:term":[{"taxonomy":"product_brand","embeddable":true,"href":"https:\/\/silenthome.com\/es\/wp-json\/wp\/v2\/product_brand?post=6475"},{"taxonomy":"product_cat","embeddable":true,"href":"https:\/\/silenthome.com\/es\/wp-json\/wp\/v2\/product_cat?post=6475"},{"taxonomy":"product_tag","embeddable":true,"href":"https:\/\/silenthome.com\/es\/wp-json\/wp\/v2\/product_tag?post=6475"}],"curies":[{"name":"wp","href":"https:\/\/api.w.org\/{rel}","templated":true}]}}