{"id":6398,"date":"2024-12-16T18:01:43","date_gmt":"2024-12-16T18:01:43","guid":{"rendered":"https:\/\/silenthome.com\/produto\/veneza-copo-agua-280ml\/"},"modified":"2025-11-20T17:20:11","modified_gmt":"2025-11-20T17:20:11","slug":"veneza-copo-agua-280ml","status":"publish","type":"product","link":"https:\/\/silenthome.com\/es\/producto\/veneza-copo-agua-280ml\/","title":{"rendered":"VENECIA, VASO DE AGUA DE 280 ML."},"content":{"rendered":"","protected":false},"excerpt":{"rendered":"<p><span class=\"relative -mx-px my-[-0.2rem] rounded px-px py-[0.2rem] transition-colors duration-100 ease-in-out\">O Copo de \u00c1gua Veneza \u00e9 a escolha ideal para quem procura um copo vers\u00e1til, elegante e pr\u00e1tico para o uso di\u00e1rio. <strong>Com um design cl\u00e1ssico e uma capacidade perfeita para servir \u00e1gua, sumos ou outras bebidas,<\/strong> este copo combina funcionalidade com um toque de sofistica\u00e7\u00e3o.\u00a0<\/span><\/p>\n","protected":false},"featured_media":6471,"comment_status":"open","ping_status":"closed","template":"","meta":{"_acf_changed":false},"product_brand":[],"product_cat":[126,119],"product_tag":[],"class_list":{"0":"post-6398","1":"product","2":"type-product","3":"status-publish","4":"has-post-thumbnail","6":"product_cat-copos-e-jarros","7":"product_cat-mesa-e-cozinha","9":"first","10":"instock","11":"taxable","12":"shipping-taxable","13":"purchasable","14":"product-type-simple"},"acf":[],"aioseo_notices":[],"_links":{"self":[{"href":"https:\/\/silenthome.com\/es\/wp-json\/wp\/v2\/product\/6398","targetHints":{"allow":["GET"]}}],"collection":[{"href":"https:\/\/silenthome.com\/es\/wp-json\/wp\/v2\/product"}],"about":[{"href":"https:\/\/silenthome.com\/es\/wp-json\/wp\/v2\/types\/product"}],"replies":[{"embeddable":true,"href":"https:\/\/silenthome.com\/es\/wp-json\/wp\/v2\/comments?post=6398"}],"wp:featuredmedia":[{"embeddable":true,"href":"https:\/\/silenthome.com\/es\/wp-json\/wp\/v2\/media\/6471"}],"wp:attachment":[{"href":"https:\/\/silenthome.com\/es\/wp-json\/wp\/v2\/media?parent=6398"}],"wp:term":[{"taxonomy":"product_brand","embeddable":true,"href":"https:\/\/silenthome.com\/es\/wp-json\/wp\/v2\/product_brand?post=6398"},{"taxonomy":"product_cat","embeddable":true,"href":"https:\/\/silenthome.com\/es\/wp-json\/wp\/v2\/product_cat?post=6398"},{"taxonomy":"product_tag","embeddable":true,"href":"https:\/\/silenthome.com\/es\/wp-json\/wp\/v2\/product_tag?post=6398"}],"curies":[{"name":"wp","href":"https:\/\/api.w.org\/{rel}","templated":true}]}}