{"id":6393,"date":"2024-12-16T18:10:41","date_gmt":"2024-12-16T18:10:41","guid":{"rendered":"https:\/\/silenthome.com\/produto\/sandy-castical-ceramica-branco\/"},"modified":"2026-01-28T13:35:45","modified_gmt":"2026-01-28T13:35:45","slug":"sandy-castical-ceramica-branco","status":"publish","type":"product","link":"https:\/\/silenthome.com\/es\/producto\/sandy-castical-ceramica-branco\/","title":{"rendered":"CANDELABRO DE CER\u00c1MICA BLANCA Y ARENOSA."},"content":{"rendered":"","protected":false},"excerpt":{"rendered":"<p data-start=\"169\" data-end=\"281\"><span class=\"relative -mx-px my-[-0.2rem] rounded px-px py-[0.2rem] transition-colors duration-100 ease-in-out\">O Casti\u00e7al Sandy \u00e9 uma <strong>pe\u00e7a decorativa de presen\u00e7a escultural<\/strong>.<\/span> D<span class=\"relative -mx-px my-[-0.2rem] rounded px-px py-[0.2rem] transition-colors duration-100 ease-in-out\">estaca-se pela sua forma suave e minimalista, conferindo-lhe um car\u00e1cter contempor\u00e2neo e sereno.<\/span><\/p>\n<p data-start=\"283\" data-end=\"359\"><span class=\"relative -mx-px my-[-0.2rem] rounded px-px py-[0.2rem] transition-colors duration-100 ease-in-out\"><strong>Simples, elegante e vers\u00e1til<\/strong>, <strong>adapta-se a diversos estilos de decora\u00e7\u00e3o<\/strong>, oferecendo um ponto de luz suave e um toque art\u00edstico ao ambiente.<\/span><\/p>\n","protected":false},"featured_media":6472,"comment_status":"open","ping_status":"closed","template":"","meta":{"_acf_changed":false},"product_brand":[],"product_cat":[84,73],"product_tag":[],"class_list":{"0":"post-6393","1":"product","2":"type-product","3":"status-publish","4":"has-post-thumbnail","6":"product_cat-casticais","7":"product_cat-decoracao","9":"first","10":"instock","11":"taxable","12":"shipping-taxable","13":"purchasable","14":"product-type-simple"},"acf":[],"aioseo_notices":[],"_links":{"self":[{"href":"https:\/\/silenthome.com\/es\/wp-json\/wp\/v2\/product\/6393","targetHints":{"allow":["GET"]}}],"collection":[{"href":"https:\/\/silenthome.com\/es\/wp-json\/wp\/v2\/product"}],"about":[{"href":"https:\/\/silenthome.com\/es\/wp-json\/wp\/v2\/types\/product"}],"replies":[{"embeddable":true,"href":"https:\/\/silenthome.com\/es\/wp-json\/wp\/v2\/comments?post=6393"}],"wp:featuredmedia":[{"embeddable":true,"href":"https:\/\/silenthome.com\/es\/wp-json\/wp\/v2\/media\/6472"}],"wp:attachment":[{"href":"https:\/\/silenthome.com\/es\/wp-json\/wp\/v2\/media?parent=6393"}],"wp:term":[{"taxonomy":"product_brand","embeddable":true,"href":"https:\/\/silenthome.com\/es\/wp-json\/wp\/v2\/product_brand?post=6393"},{"taxonomy":"product_cat","embeddable":true,"href":"https:\/\/silenthome.com\/es\/wp-json\/wp\/v2\/product_cat?post=6393"},{"taxonomy":"product_tag","embeddable":true,"href":"https:\/\/silenthome.com\/es\/wp-json\/wp\/v2\/product_tag?post=6393"}],"curies":[{"name":"wp","href":"https:\/\/api.w.org\/{rel}","templated":true}]}}