{"id":6250,"date":"2024-12-05T11:16:36","date_gmt":"2024-12-05T11:16:36","guid":{"rendered":"https:\/\/silenthome.com\/produto\/incenso-grapefruit-bay-20-unidades\/"},"modified":"2026-02-03T17:59:59","modified_gmt":"2026-02-03T17:59:59","slug":"incenso-grapefruit-bay-20-unidades","status":"publish","type":"product","link":"https:\/\/silenthome.com\/es\/producto\/incenso-grapefruit-bay-20-unidades\/","title":{"rendered":"Incienso Pomelo &amp; Laurel, 20 piezas Cereria Moll\u00e1 1899"},"content":{"rendered":"","protected":false},"excerpt":{"rendered":"<p data-start=\"170\" data-end=\"305\">Crea una atm\u00f3sfera serena y envolvente con el incienso Grapefruit &amp; Bay, una fusi\u00f3n arom\u00e1tica. <strong>inspirada en la fresca brisa mediterr\u00e1nea<\/strong>.<\/p>\n<p data-start=\"307\" data-end=\"506\">Compuesto por 20 varillas perfumadas, este incienso libera un <strong>fragancia vibrante<\/strong> con notas de pomelo, bayas rojas y bayas de goji que evocan la ligereza de los d\u00edas soleados junto al mar.<\/p>\n<p data-start=\"508\" data-end=\"666\">A medida que la fragancia evoluciona, se revelan elegantes acordes de mora, laurel y lirio de los valles, creando una atm\u00f3sfera de <strong>equilibrio y frescura.<\/strong><\/p>\n<p data-start=\"668\" data-end=\"811\">Las notas de fondo -una combinaci\u00f3n envolvente de s\u00e1ndalo, vetiver y almizcle- aportan <strong>profundidad y un toque sensual<\/strong> experimentar.<\/p>\n<p data-start=\"813\" data-end=\"912\">Una elecci\u00f3n perfecta para transformar cualquier espacio en <strong>remanso de tranquilidad y bienestar<\/strong>.<\/p>","protected":false},"featured_media":6271,"comment_status":"open","ping_status":"closed","template":"","meta":{"_acf_changed":false},"product_brand":[],"product_cat":[52,125],"product_tag":[],"class_list":{"0":"post-6250","1":"product","2":"type-product","3":"status-publish","4":"has-post-thumbnail","6":"product_cat-fragrancias","7":"product_cat-incensos","9":"first","10":"instock","11":"taxable","12":"shipping-taxable","13":"purchasable","14":"product-type-simple"},"acf":[],"aioseo_notices":[],"_links":{"self":[{"href":"https:\/\/silenthome.com\/es\/wp-json\/wp\/v2\/product\/6250","targetHints":{"allow":["GET"]}}],"collection":[{"href":"https:\/\/silenthome.com\/es\/wp-json\/wp\/v2\/product"}],"about":[{"href":"https:\/\/silenthome.com\/es\/wp-json\/wp\/v2\/types\/product"}],"replies":[{"embeddable":true,"href":"https:\/\/silenthome.com\/es\/wp-json\/wp\/v2\/comments?post=6250"}],"wp:featuredmedia":[{"embeddable":true,"href":"https:\/\/silenthome.com\/es\/wp-json\/wp\/v2\/media\/6271"}],"wp:attachment":[{"href":"https:\/\/silenthome.com\/es\/wp-json\/wp\/v2\/media?parent=6250"}],"wp:term":[{"taxonomy":"product_brand","embeddable":true,"href":"https:\/\/silenthome.com\/es\/wp-json\/wp\/v2\/product_brand?post=6250"},{"taxonomy":"product_cat","embeddable":true,"href":"https:\/\/silenthome.com\/es\/wp-json\/wp\/v2\/product_cat?post=6250"},{"taxonomy":"product_tag","embeddable":true,"href":"https:\/\/silenthome.com\/es\/wp-json\/wp\/v2\/product_tag?post=6250"}],"curies":[{"name":"wp","href":"https:\/\/api.w.org\/{rel}","templated":true}]}}