{"id":6247,"date":"2024-12-05T11:16:35","date_gmt":"2024-12-05T11:16:35","guid":{"rendered":"https:\/\/silenthome.com\/produto\/incenso-bulgarian-rose-oud-20-unidades\/"},"modified":"2026-03-07T17:28:38","modified_gmt":"2026-03-07T17:28:38","slug":"incenso-bulgarian-rose-oud-20-unidades","status":"publish","type":"product","link":"https:\/\/silenthome.com\/es\/producto\/incenso-bulgarian-rose-oud-20-unidades\/","title":{"rendered":"Incienso Rosa B\u00falgara &amp; Oud, 20 piezas Cereria Moll\u00e1 1899"},"content":{"rendered":"","protected":false},"excerpt":{"rendered":"<p>Descubra el encanto del incienso <strong>Rosa B\u00falgara y Oud.<\/strong> Cada paquete contiene <strong>20 palos<\/strong> con una fragancia sofisticada que combina notas afrutadas de <strong>frutos rojos<\/strong> e <strong>bergamota<\/strong>Un coraz\u00f3n floral de rosa y peon\u00eda, y un c\u00e1lido fondo de s\u00e1ndalo, pachul\u00ed, pralin\u00e9 y almizcle. Cree una atm\u00f3sfera <strong>delicado<\/strong>, <strong>elegante<\/strong> y acogedor en tu espacio.<\/p>","protected":false},"featured_media":6259,"comment_status":"open","ping_status":"closed","template":"","meta":{"_acf_changed":false},"product_brand":[],"product_cat":[52,125],"product_tag":[],"class_list":{"0":"post-6247","1":"product","2":"type-product","3":"status-publish","4":"has-post-thumbnail","6":"product_cat-fragrancias","7":"product_cat-incensos","9":"first","10":"instock","11":"taxable","12":"shipping-taxable","13":"purchasable","14":"product-type-simple"},"acf":[],"aioseo_notices":[],"_links":{"self":[{"href":"https:\/\/silenthome.com\/es\/wp-json\/wp\/v2\/product\/6247","targetHints":{"allow":["GET"]}}],"collection":[{"href":"https:\/\/silenthome.com\/es\/wp-json\/wp\/v2\/product"}],"about":[{"href":"https:\/\/silenthome.com\/es\/wp-json\/wp\/v2\/types\/product"}],"replies":[{"embeddable":true,"href":"https:\/\/silenthome.com\/es\/wp-json\/wp\/v2\/comments?post=6247"}],"wp:featuredmedia":[{"embeddable":true,"href":"https:\/\/silenthome.com\/es\/wp-json\/wp\/v2\/media\/6259"}],"wp:attachment":[{"href":"https:\/\/silenthome.com\/es\/wp-json\/wp\/v2\/media?parent=6247"}],"wp:term":[{"taxonomy":"product_brand","embeddable":true,"href":"https:\/\/silenthome.com\/es\/wp-json\/wp\/v2\/product_brand?post=6247"},{"taxonomy":"product_cat","embeddable":true,"href":"https:\/\/silenthome.com\/es\/wp-json\/wp\/v2\/product_cat?post=6247"},{"taxonomy":"product_tag","embeddable":true,"href":"https:\/\/silenthome.com\/es\/wp-json\/wp\/v2\/product_tag?post=6247"}],"curies":[{"name":"wp","href":"https:\/\/api.w.org\/{rel}","templated":true}]}}