{"id":5933,"date":"2024-11-15T12:19:02","date_gmt":"2024-11-15T12:19:02","guid":{"rendered":"https:\/\/silenthome.com\/produto\/golden-faqueiro-de-16-pecas\/"},"modified":"2025-05-23T16:07:54","modified_gmt":"2025-05-23T15:07:54","slug":"golden-faqueiro-de-16-pecas","status":"publish","type":"product","link":"https:\/\/silenthome.com\/es\/producto\/golden-faqueiro-de-16-pecas\/","title":{"rendered":"JUEGO DE CUBIERTOS DORADO DE 16 PIEZAS"},"content":{"rendered":"","protected":false},"excerpt":{"rendered":"<p><span class=\"relative -mx-px my-[-0.2rem] rounded px-px py-[0.2rem] transition-colors duration-100 ease-in-out\">O Faqueiro Golden de 16 pe\u00e7as \u00e9 a escolha ideal para quem procura aliar sofistica\u00e7\u00e3o e praticidade no momento das refei\u00e7\u00f5es.<\/span> <span class=\"relative -mx-px my-[-0.2rem] rounded px-px py-[0.2rem] transition-colors duration-100 ease-in-out\">Composto por talheres em a\u00e7o inoxid\u00e1vel com acabamento polido em dourado, este conjunto confere um toque contempor\u00e2neo e elegante \u00e0 sua mesa. Al\u00e9m do design distinto, <strong>os talheres Golden s\u00e3o resistentes e f\u00e1ceis de manter, sendo aptos para lavagem na m\u00e1quina de lavar lou\u00e7a. Perfeito para jantares especiais, ocasi\u00f5es festivas ou para dar um novo estilo ao seu dia a dia.<\/strong><\/span><\/p>\n","protected":false},"featured_media":5939,"comment_status":"open","ping_status":"closed","template":"","meta":{"_acf_changed":false},"product_brand":[],"product_cat":[124,119],"product_tag":[],"class_list":{"0":"post-5933","1":"product","2":"type-product","3":"status-publish","4":"has-post-thumbnail","6":"product_cat-loica-de-mesa","7":"product_cat-mesa-e-cozinha","9":"first","10":"instock","11":"taxable","12":"shipping-taxable","13":"purchasable","14":"product-type-simple"},"acf":[],"aioseo_notices":[],"_links":{"self":[{"href":"https:\/\/silenthome.com\/es\/wp-json\/wp\/v2\/product\/5933","targetHints":{"allow":["GET"]}}],"collection":[{"href":"https:\/\/silenthome.com\/es\/wp-json\/wp\/v2\/product"}],"about":[{"href":"https:\/\/silenthome.com\/es\/wp-json\/wp\/v2\/types\/product"}],"replies":[{"embeddable":true,"href":"https:\/\/silenthome.com\/es\/wp-json\/wp\/v2\/comments?post=5933"}],"wp:featuredmedia":[{"embeddable":true,"href":"https:\/\/silenthome.com\/es\/wp-json\/wp\/v2\/media\/5939"}],"wp:attachment":[{"href":"https:\/\/silenthome.com\/es\/wp-json\/wp\/v2\/media?parent=5933"}],"wp:term":[{"taxonomy":"product_brand","embeddable":true,"href":"https:\/\/silenthome.com\/es\/wp-json\/wp\/v2\/product_brand?post=5933"},{"taxonomy":"product_cat","embeddable":true,"href":"https:\/\/silenthome.com\/es\/wp-json\/wp\/v2\/product_cat?post=5933"},{"taxonomy":"product_tag","embeddable":true,"href":"https:\/\/silenthome.com\/es\/wp-json\/wp\/v2\/product_tag?post=5933"}],"curies":[{"name":"wp","href":"https:\/\/api.w.org\/{rel}","templated":true}]}}