{"id":5930,"date":"2024-11-15T12:19:01","date_gmt":"2024-11-15T12:19:01","guid":{"rendered":"https:\/\/silenthome.com\/produto\/cake-prato-de-bolo-com-pe-em-vidro-grand\/"},"modified":"2025-05-23T16:16:34","modified_gmt":"2025-05-23T15:16:34","slug":"cake-prato-de-bolo-com-pe-em-vidro-grand","status":"publish","type":"product","link":"https:\/\/silenthome.com\/es\/producto\/cake-prato-de-bolo-com-pe-em-vidro-grand\/","title":{"rendered":"TARTA, PLATO DE TARTA CON PIE EN VASO GRANDE."},"content":{"rendered":"","protected":false},"excerpt":{"rendered":"<p>Presente sus tartas y postres con sofisticaci\u00f3n utilizando el Cake Grand Plate. <strong>Este plato es ideal para servir tartas, pasteles, cupcakes o incluso como pieza decorativa en su mesa<\/strong>. Fabricado en vidrio transparente de alta calidad, el plato le permite resaltar los colores y texturas de sus creaciones culinarias, haciendo que cada presentaci\u00f3n sea a\u00fan m\u00e1s apetitosa.<\/p>","protected":false},"featured_media":5949,"comment_status":"open","ping_status":"closed","template":"","meta":{"_acf_changed":false},"product_brand":[],"product_cat":[124,119],"product_tag":[],"class_list":{"0":"post-5930","1":"product","2":"type-product","3":"status-publish","4":"has-post-thumbnail","6":"product_cat-loica-de-mesa","7":"product_cat-mesa-e-cozinha","9":"first","10":"instock","11":"taxable","12":"shipping-taxable","13":"purchasable","14":"product-type-simple"},"acf":[],"aioseo_notices":[],"_links":{"self":[{"href":"https:\/\/silenthome.com\/es\/wp-json\/wp\/v2\/product\/5930","targetHints":{"allow":["GET"]}}],"collection":[{"href":"https:\/\/silenthome.com\/es\/wp-json\/wp\/v2\/product"}],"about":[{"href":"https:\/\/silenthome.com\/es\/wp-json\/wp\/v2\/types\/product"}],"replies":[{"embeddable":true,"href":"https:\/\/silenthome.com\/es\/wp-json\/wp\/v2\/comments?post=5930"}],"wp:featuredmedia":[{"embeddable":true,"href":"https:\/\/silenthome.com\/es\/wp-json\/wp\/v2\/media\/5949"}],"wp:attachment":[{"href":"https:\/\/silenthome.com\/es\/wp-json\/wp\/v2\/media?parent=5930"}],"wp:term":[{"taxonomy":"product_brand","embeddable":true,"href":"https:\/\/silenthome.com\/es\/wp-json\/wp\/v2\/product_brand?post=5930"},{"taxonomy":"product_cat","embeddable":true,"href":"https:\/\/silenthome.com\/es\/wp-json\/wp\/v2\/product_cat?post=5930"},{"taxonomy":"product_tag","embeddable":true,"href":"https:\/\/silenthome.com\/es\/wp-json\/wp\/v2\/product_tag?post=5930"}],"curies":[{"name":"wp","href":"https:\/\/api.w.org\/{rel}","templated":true}]}}