{"id":5926,"date":"2024-11-15T12:18:59","date_gmt":"2024-11-15T12:18:59","guid":{"rendered":"https:\/\/silenthome.com\/produto\/milos-taca-ceramica-esmaltada-azul-145cm\/"},"modified":"2025-08-11T17:28:40","modified_gmt":"2025-08-11T16:28:40","slug":"milos-taca-ceramica-esmaltada-azul-145cm","status":"publish","type":"product","link":"https:\/\/silenthome.com\/es\/producto\/milos-taca-ceramica-esmaltada-azul-145cm\/","title":{"rendered":"MILOS, CUENCO DE CER\u00c1MICA ESMALTADA AZUL 14,5CM"},"content":{"rendered":"","protected":false},"excerpt":{"rendered":"<p>Taza Milos de cer\u00e1mica esmaltada azul <strong>es perfecto para complementar su mesa en diversas ocasiones e ideal para porciones peque\u00f1as o comidas r\u00e1pidas.<\/strong> Con un acabado esmaltado que a\u00f1ade brillo y profundidad al color azul, este cuenco es perfecto para complementar su mesa en diferentes momentos.<\/p>","protected":false},"featured_media":5962,"comment_status":"open","ping_status":"closed","template":"","meta":{"_acf_changed":false},"product_brand":[],"product_cat":[124,119],"product_tag":[],"class_list":{"0":"post-5926","1":"product","2":"type-product","3":"status-publish","4":"has-post-thumbnail","6":"product_cat-loica-de-mesa","7":"product_cat-mesa-e-cozinha","9":"first","10":"instock","11":"taxable","12":"shipping-taxable","13":"purchasable","14":"product-type-simple"},"acf":[],"aioseo_notices":[],"_links":{"self":[{"href":"https:\/\/silenthome.com\/es\/wp-json\/wp\/v2\/product\/5926","targetHints":{"allow":["GET"]}}],"collection":[{"href":"https:\/\/silenthome.com\/es\/wp-json\/wp\/v2\/product"}],"about":[{"href":"https:\/\/silenthome.com\/es\/wp-json\/wp\/v2\/types\/product"}],"replies":[{"embeddable":true,"href":"https:\/\/silenthome.com\/es\/wp-json\/wp\/v2\/comments?post=5926"}],"wp:featuredmedia":[{"embeddable":true,"href":"https:\/\/silenthome.com\/es\/wp-json\/wp\/v2\/media\/5962"}],"wp:attachment":[{"href":"https:\/\/silenthome.com\/es\/wp-json\/wp\/v2\/media?parent=5926"}],"wp:term":[{"taxonomy":"product_brand","embeddable":true,"href":"https:\/\/silenthome.com\/es\/wp-json\/wp\/v2\/product_brand?post=5926"},{"taxonomy":"product_cat","embeddable":true,"href":"https:\/\/silenthome.com\/es\/wp-json\/wp\/v2\/product_cat?post=5926"},{"taxonomy":"product_tag","embeddable":true,"href":"https:\/\/silenthome.com\/es\/wp-json\/wp\/v2\/product_tag?post=5926"}],"curies":[{"name":"wp","href":"https:\/\/api.w.org\/{rel}","templated":true}]}}