{"id":5904,"date":"2024-11-14T17:47:15","date_gmt":"2024-11-14T17:47:15","guid":{"rendered":"https:\/\/silenthome.com\/produto\/milos-prato-21cm-ceramica-esmaltado\/"},"modified":"2025-05-23T17:45:57","modified_gmt":"2025-05-23T16:45:57","slug":"milos-prato-21cm-ceramica-esmaltado","status":"publish","type":"product","link":"https:\/\/silenthome.com\/es\/producto\/milos-prato-21cm-ceramica-esmaltado\/","title":{"rendered":"MILOS, PLATO DE CER\u00c1MICA ESMALTADA DE 21 CM"},"content":{"rendered":"","protected":false},"excerpt":{"rendered":"<p>El plato de cer\u00e1mica Milos combina el dise\u00f1o contempor\u00e1neo con la funcionalidad de la cer\u00e1mica esmaltada, <strong>ofrece una soluci\u00f3n sofisticada para servir entrantes, peque\u00f1as raciones o postres.<\/strong> Los tonos blanco y beige se adaptan perfectamente a diferentes estilos de mesa.<\/p>","protected":false},"featured_media":5919,"comment_status":"open","ping_status":"closed","template":"","meta":{"_acf_changed":false},"product_brand":[],"product_cat":[124,119],"product_tag":[],"class_list":{"0":"post-5904","1":"product","2":"type-product","3":"status-publish","4":"has-post-thumbnail","6":"product_cat-loica-de-mesa","7":"product_cat-mesa-e-cozinha","9":"first","10":"instock","11":"taxable","12":"shipping-taxable","13":"purchasable","14":"product-type-simple"},"acf":[],"aioseo_notices":[],"_links":{"self":[{"href":"https:\/\/silenthome.com\/es\/wp-json\/wp\/v2\/product\/5904","targetHints":{"allow":["GET"]}}],"collection":[{"href":"https:\/\/silenthome.com\/es\/wp-json\/wp\/v2\/product"}],"about":[{"href":"https:\/\/silenthome.com\/es\/wp-json\/wp\/v2\/types\/product"}],"replies":[{"embeddable":true,"href":"https:\/\/silenthome.com\/es\/wp-json\/wp\/v2\/comments?post=5904"}],"wp:featuredmedia":[{"embeddable":true,"href":"https:\/\/silenthome.com\/es\/wp-json\/wp\/v2\/media\/5919"}],"wp:attachment":[{"href":"https:\/\/silenthome.com\/es\/wp-json\/wp\/v2\/media?parent=5904"}],"wp:term":[{"taxonomy":"product_brand","embeddable":true,"href":"https:\/\/silenthome.com\/es\/wp-json\/wp\/v2\/product_brand?post=5904"},{"taxonomy":"product_cat","embeddable":true,"href":"https:\/\/silenthome.com\/es\/wp-json\/wp\/v2\/product_cat?post=5904"},{"taxonomy":"product_tag","embeddable":true,"href":"https:\/\/silenthome.com\/es\/wp-json\/wp\/v2\/product_tag?post=5904"}],"curies":[{"name":"wp","href":"https:\/\/api.w.org\/{rel}","templated":true}]}}