{"id":5902,"date":"2024-11-14T17:47:14","date_gmt":"2024-11-14T17:47:14","guid":{"rendered":"https:\/\/silenthome.com\/produto\/milos-tigela-ceramica-esmaltado\/"},"modified":"2025-05-23T17:47:34","modified_gmt":"2025-05-23T16:47:34","slug":"milos-tigela-ceramica-esmaltado","status":"publish","type":"product","link":"https:\/\/silenthome.com\/es\/producto\/milos-tigela-ceramica-esmaltado\/","title":{"rendered":"MILOS, CUENCO DE CER\u00c1MICA ESMALTADA"},"content":{"rendered":"","protected":false},"excerpt":{"rendered":"<p>El cuenco de cer\u00e1mica Milos combina el dise\u00f1o contempor\u00e1neo con la funcionalidad de la cer\u00e1mica esmaltada, <strong>ofrece una soluci\u00f3n sofisticada para servir entrantes, peque\u00f1as raciones o postres.<\/strong> Los tonos blanco y beige se adaptan perfectamente a diferentes estilos de mesa.<\/p>","protected":false},"featured_media":5912,"comment_status":"open","ping_status":"closed","template":"","meta":{"_acf_changed":false},"product_brand":[],"product_cat":[124,119],"product_tag":[],"class_list":{"0":"post-5902","1":"product","2":"type-product","3":"status-publish","4":"has-post-thumbnail","6":"product_cat-loica-de-mesa","7":"product_cat-mesa-e-cozinha","9":"first","10":"instock","11":"taxable","12":"shipping-taxable","13":"purchasable","14":"product-type-simple"},"acf":[],"aioseo_notices":[],"_links":{"self":[{"href":"https:\/\/silenthome.com\/es\/wp-json\/wp\/v2\/product\/5902","targetHints":{"allow":["GET"]}}],"collection":[{"href":"https:\/\/silenthome.com\/es\/wp-json\/wp\/v2\/product"}],"about":[{"href":"https:\/\/silenthome.com\/es\/wp-json\/wp\/v2\/types\/product"}],"replies":[{"embeddable":true,"href":"https:\/\/silenthome.com\/es\/wp-json\/wp\/v2\/comments?post=5902"}],"wp:featuredmedia":[{"embeddable":true,"href":"https:\/\/silenthome.com\/es\/wp-json\/wp\/v2\/media\/5912"}],"wp:attachment":[{"href":"https:\/\/silenthome.com\/es\/wp-json\/wp\/v2\/media?parent=5902"}],"wp:term":[{"taxonomy":"product_brand","embeddable":true,"href":"https:\/\/silenthome.com\/es\/wp-json\/wp\/v2\/product_brand?post=5902"},{"taxonomy":"product_cat","embeddable":true,"href":"https:\/\/silenthome.com\/es\/wp-json\/wp\/v2\/product_cat?post=5902"},{"taxonomy":"product_tag","embeddable":true,"href":"https:\/\/silenthome.com\/es\/wp-json\/wp\/v2\/product_tag?post=5902"}],"curies":[{"name":"wp","href":"https:\/\/api.w.org\/{rel}","templated":true}]}}