{"id":5901,"date":"2024-11-14T17:47:14","date_gmt":"2024-11-14T17:47:14","guid":{"rendered":"https:\/\/silenthome.com\/produto\/milos-prato-para-massa-ceramica-esmaltado\/"},"modified":"2025-05-23T17:49:46","modified_gmt":"2025-05-23T16:49:46","slug":"milos-prato-para-massa-ceramica-esmaltado","status":"publish","type":"product","link":"https:\/\/silenthome.com\/es\/producto\/milos-prato-para-massa-ceramica-esmaltado\/","title":{"rendered":"MILOS, PLATO DE PASTA DE CER\u00c1MICA ESMALTADA"},"content":{"rendered":"","protected":false},"excerpt":{"rendered":"<p>El Plato de Pasta de Cer\u00e1mica Milos es un<strong> Pieza especialmente dise\u00f1ada para servir platos de pasta como espaguetis, fettuccine, penne o risottos.<\/strong> Con su forma ancha y su ligera profundidad, este plato puede alojar salsas de forma equilibrada y realzar la presentaci\u00f3n del plato.<\/p>","protected":false},"featured_media":5909,"comment_status":"open","ping_status":"closed","template":"","meta":{"_acf_changed":false},"product_brand":[],"product_cat":[124,119],"product_tag":[],"class_list":{"0":"post-5901","1":"product","2":"type-product","3":"status-publish","4":"has-post-thumbnail","6":"product_cat-loica-de-mesa","7":"product_cat-mesa-e-cozinha","9":"first","10":"instock","11":"taxable","12":"shipping-taxable","13":"purchasable","14":"product-type-simple"},"acf":[],"aioseo_notices":[],"_links":{"self":[{"href":"https:\/\/silenthome.com\/es\/wp-json\/wp\/v2\/product\/5901","targetHints":{"allow":["GET"]}}],"collection":[{"href":"https:\/\/silenthome.com\/es\/wp-json\/wp\/v2\/product"}],"about":[{"href":"https:\/\/silenthome.com\/es\/wp-json\/wp\/v2\/types\/product"}],"replies":[{"embeddable":true,"href":"https:\/\/silenthome.com\/es\/wp-json\/wp\/v2\/comments?post=5901"}],"wp:featuredmedia":[{"embeddable":true,"href":"https:\/\/silenthome.com\/es\/wp-json\/wp\/v2\/media\/5909"}],"wp:attachment":[{"href":"https:\/\/silenthome.com\/es\/wp-json\/wp\/v2\/media?parent=5901"}],"wp:term":[{"taxonomy":"product_brand","embeddable":true,"href":"https:\/\/silenthome.com\/es\/wp-json\/wp\/v2\/product_brand?post=5901"},{"taxonomy":"product_cat","embeddable":true,"href":"https:\/\/silenthome.com\/es\/wp-json\/wp\/v2\/product_cat?post=5901"},{"taxonomy":"product_tag","embeddable":true,"href":"https:\/\/silenthome.com\/es\/wp-json\/wp\/v2\/product_tag?post=5901"}],"curies":[{"name":"wp","href":"https:\/\/api.w.org\/{rel}","templated":true}]}}