{"id":5900,"date":"2024-11-14T17:47:14","date_gmt":"2024-11-14T17:47:14","guid":{"rendered":"https:\/\/silenthome.com\/produto\/milos-sarten-ceramica-esmaltada\/"},"modified":"2025-05-23T17:54:04","modified_gmt":"2025-05-23T16:54:04","slug":"milos-sarten-ceramica-esmaltada","status":"publish","type":"product","link":"https:\/\/silenthome.com\/es\/producto\/milos-sarten-ceramica-esmaltada\/","title":{"rendered":"MILOS, CER\u00c1MICA ESMALTADA DE SART\u00c9N"},"content":{"rendered":"","protected":false},"excerpt":{"rendered":"<p>Con forma de sart\u00e9n, el plato Sart\u00e9n de cer\u00e1mica Milos combina el dise\u00f1o contempor\u00e1neo con la funcionalidad de su acabado esmaltado,<strong data-start=\"79\" data-end=\"371\"> ofreciendo una soluci\u00f3n elegante para servir una gran variedad de platos. <\/strong>Los suaves tonos blanco y beige combinan armoniosamente con cualquier estilo de mesa.<\/p>","protected":false},"featured_media":5905,"comment_status":"open","ping_status":"closed","template":"","meta":{"_acf_changed":false},"product_brand":[],"product_cat":[124,119],"product_tag":[],"class_list":{"0":"post-5900","1":"product","2":"type-product","3":"status-publish","4":"has-post-thumbnail","6":"product_cat-loica-de-mesa","7":"product_cat-mesa-e-cozinha","9":"first","10":"instock","11":"taxable","12":"shipping-taxable","13":"purchasable","14":"product-type-simple"},"acf":[],"aioseo_notices":[],"_links":{"self":[{"href":"https:\/\/silenthome.com\/es\/wp-json\/wp\/v2\/product\/5900","targetHints":{"allow":["GET"]}}],"collection":[{"href":"https:\/\/silenthome.com\/es\/wp-json\/wp\/v2\/product"}],"about":[{"href":"https:\/\/silenthome.com\/es\/wp-json\/wp\/v2\/types\/product"}],"replies":[{"embeddable":true,"href":"https:\/\/silenthome.com\/es\/wp-json\/wp\/v2\/comments?post=5900"}],"wp:featuredmedia":[{"embeddable":true,"href":"https:\/\/silenthome.com\/es\/wp-json\/wp\/v2\/media\/5905"}],"wp:attachment":[{"href":"https:\/\/silenthome.com\/es\/wp-json\/wp\/v2\/media?parent=5900"}],"wp:term":[{"taxonomy":"product_brand","embeddable":true,"href":"https:\/\/silenthome.com\/es\/wp-json\/wp\/v2\/product_brand?post=5900"},{"taxonomy":"product_cat","embeddable":true,"href":"https:\/\/silenthome.com\/es\/wp-json\/wp\/v2\/product_cat?post=5900"},{"taxonomy":"product_tag","embeddable":true,"href":"https:\/\/silenthome.com\/es\/wp-json\/wp\/v2\/product_tag?post=5900"}],"curies":[{"name":"wp","href":"https:\/\/api.w.org\/{rel}","templated":true}]}}