{"id":5878,"date":"2024-11-14T16:37:19","date_gmt":"2024-11-14T16:37:19","guid":{"rendered":"https:\/\/silenthome.com\/produto\/relief-caneca-com-relevo-400ml\/"},"modified":"2026-02-26T11:43:55","modified_gmt":"2026-02-26T11:43:55","slug":"relief-caneca-com-relevo-400ml","status":"publish","type":"product","link":"https:\/\/silenthome.com\/es\/producto\/relief-caneca-com-relevo-400ml\/","title":{"rendered":"RELIEVE, TAZA GOFRADA 400ML"},"content":{"rendered":"","protected":false},"excerpt":{"rendered":"<p><span class=\"relative -mx-px my-[-0.2rem] rounded px-px py-[0.2rem] transition-colors duration-100 ease-in-out\">A caneca Relief, \u00e9 uma pe\u00e7a elegante e funcional, ideal para quem aprecia detalhes sofisticados no quotidiano.<\/span> <span class=\"relative -mx-px my-[-0.2rem] rounded px-px py-[0.2rem] transition-colors duration-100 ease-in-out\">Com um design em relevo, esta caneca destaca-se pela sua textura \u00fanica, proporcionando uma experi\u00eancia t\u00e1til agrad\u00e1vel enquanto desfruta das suas bebidas favoritas. <\/span><strong><span class=\"relative -mx-px my-[-0.2rem] rounded px-px py-[0.2rem] transition-colors duration-100 ease-in-out\">Esta caneca \u00e9 uma excelente op\u00e7\u00e3o tanto para uso pessoal quanto para oferecer como presente, combinando funcionalidade com um design atrativo.<\/span><\/strong><\/p>\n","protected":false},"featured_media":5892,"comment_status":"open","ping_status":"closed","template":"","meta":{"_acf_changed":false},"product_brand":[],"product_cat":[124,119],"product_tag":[],"class_list":{"0":"post-5878","1":"product","2":"type-product","3":"status-publish","4":"has-post-thumbnail","6":"product_cat-loica-de-mesa","7":"product_cat-mesa-e-cozinha","9":"first","10":"instock","11":"taxable","12":"shipping-taxable","13":"purchasable","14":"product-type-simple"},"acf":[],"aioseo_notices":[],"_links":{"self":[{"href":"https:\/\/silenthome.com\/es\/wp-json\/wp\/v2\/product\/5878","targetHints":{"allow":["GET"]}}],"collection":[{"href":"https:\/\/silenthome.com\/es\/wp-json\/wp\/v2\/product"}],"about":[{"href":"https:\/\/silenthome.com\/es\/wp-json\/wp\/v2\/types\/product"}],"replies":[{"embeddable":true,"href":"https:\/\/silenthome.com\/es\/wp-json\/wp\/v2\/comments?post=5878"}],"wp:featuredmedia":[{"embeddable":true,"href":"https:\/\/silenthome.com\/es\/wp-json\/wp\/v2\/media\/5892"}],"wp:attachment":[{"href":"https:\/\/silenthome.com\/es\/wp-json\/wp\/v2\/media?parent=5878"}],"wp:term":[{"taxonomy":"product_brand","embeddable":true,"href":"https:\/\/silenthome.com\/es\/wp-json\/wp\/v2\/product_brand?post=5878"},{"taxonomy":"product_cat","embeddable":true,"href":"https:\/\/silenthome.com\/es\/wp-json\/wp\/v2\/product_cat?post=5878"},{"taxonomy":"product_tag","embeddable":true,"href":"https:\/\/silenthome.com\/es\/wp-json\/wp\/v2\/product_tag?post=5878"}],"curies":[{"name":"wp","href":"https:\/\/api.w.org\/{rel}","templated":true}]}}