{"id":5492,"date":"2024-11-07T15:41:45","date_gmt":"2024-11-07T15:41:45","guid":{"rendered":"https:\/\/silenthome.com\/produto\/cording-conj-de-duas-fronhas-50x70cm-brancas-e-cinza\/"},"modified":"2025-05-28T14:49:58","modified_gmt":"2025-05-28T13:49:58","slug":"cording-conj-de-duas-fronhas-50x70cm-brancas-e-cinza","status":"publish","type":"product","link":"https:\/\/silenthome.com\/es\/producto\/cording-conj-de-duas-fronhas-50x70cm-brancas-e-cinza\/","title":{"rendered":"CORDING, juego de dos fundas de almohada 50x70cm Blanco Y Gris"},"content":{"rendered":"","protected":false},"excerpt":{"rendered":"<p data-pm-slice=\"1 1 []\">Este juego de dos fundas de almohada combina <strong>elegancia<\/strong> atemporal con <strong>confort<\/strong>. Con un dise\u00f1o cl\u00e1sico, a\u00f1aden un toque de discreta sofisticaci\u00f3n a cualquier dormitorio.<\/p>\n<p>Hecho de <strong>100% algod\u00f3n con 200 hilos<\/strong>Estas fundas de almohada ofrecen una textura <strong>suave y transpirable<\/strong>Proporciona una agradable sensaci\u00f3n al tacto y un sue\u00f1o reparador. Las dimensiones de 50\u00d770 cm son ideales para almohadas de tama\u00f1o est\u00e1ndar, lo que garantiza un ajuste perfecto.<\/p>","protected":false},"featured_media":5976,"comment_status":"open","ping_status":"closed","template":"","meta":{"_acf_changed":false},"product_brand":[],"product_cat":[102,64],"product_tag":[],"class_list":{"0":"post-5492","1":"product","2":"type-product","3":"status-publish","4":"has-post-thumbnail","6":"product_cat-cama","7":"product_cat-texteis","9":"first","10":"instock","11":"taxable","12":"shipping-taxable","13":"purchasable","14":"product-type-simple"},"acf":[],"aioseo_notices":[],"_links":{"self":[{"href":"https:\/\/silenthome.com\/es\/wp-json\/wp\/v2\/product\/5492","targetHints":{"allow":["GET"]}}],"collection":[{"href":"https:\/\/silenthome.com\/es\/wp-json\/wp\/v2\/product"}],"about":[{"href":"https:\/\/silenthome.com\/es\/wp-json\/wp\/v2\/types\/product"}],"replies":[{"embeddable":true,"href":"https:\/\/silenthome.com\/es\/wp-json\/wp\/v2\/comments?post=5492"}],"wp:featuredmedia":[{"embeddable":true,"href":"https:\/\/silenthome.com\/es\/wp-json\/wp\/v2\/media\/5976"}],"wp:attachment":[{"href":"https:\/\/silenthome.com\/es\/wp-json\/wp\/v2\/media?parent=5492"}],"wp:term":[{"taxonomy":"product_brand","embeddable":true,"href":"https:\/\/silenthome.com\/es\/wp-json\/wp\/v2\/product_brand?post=5492"},{"taxonomy":"product_cat","embeddable":true,"href":"https:\/\/silenthome.com\/es\/wp-json\/wp\/v2\/product_cat?post=5492"},{"taxonomy":"product_tag","embeddable":true,"href":"https:\/\/silenthome.com\/es\/wp-json\/wp\/v2\/product_tag?post=5492"}],"curies":[{"name":"wp","href":"https:\/\/api.w.org\/{rel}","templated":true}]}}