{"id":5475,"date":"2024-11-07T15:41:38","date_gmt":"2024-11-07T15:41:38","guid":{"rendered":"https:\/\/silenthome.com\/produto\/manta-acrilico-verde-125x150cm\/"},"modified":"2025-05-27T12:48:25","modified_gmt":"2025-05-27T11:48:25","slug":"manta-acrilico-verde-125x150cm","status":"publish","type":"product","link":"https:\/\/silenthome.com\/es\/producto\/manta-acrilico-verde-125x150cm\/","title":{"rendered":"MANTA ACR\u00cdLICA VERDE 125X150CM"},"content":{"rendered":"","protected":false},"excerpt":{"rendered":"<p>A\u00f1ade un toque de elegancia y <strong data-start=\"369\" data-end=\"381\">confort<\/strong> a su hogar con este<strong data-start=\"402\" data-end=\"411\"> manta<\/strong> de <strong data-start=\"415\" data-end=\"441\">textura suave al tacto<\/strong> e <strong data-start=\"444\" data-end=\"476\">excelente capacidad t\u00e9rmica<\/strong>ideal para los d\u00edas m\u00e1s fr\u00edos. Su <strong data-start=\"519\" data-end=\"552\">dise\u00f1o sobrio y contempor\u00e1neo<\/strong> se adapta f\u00e1cilmente a cualquier estilo de decoraci\u00f3n, lo que la convierte en una pieza indispensable para una habitaci\u00f3n. <strong data-start=\"657\" data-end=\"670\">acogedor<\/strong> e <strong data-start=\"673\" data-end=\"688\">sofisticado<\/strong>.<\/p>","protected":false},"featured_media":5839,"comment_status":"open","ping_status":"closed","template":"","meta":{"_acf_changed":false},"product_brand":[],"product_cat":[91,64],"product_tag":[],"class_list":{"0":"post-5475","1":"product","2":"type-product","3":"status-publish","4":"has-post-thumbnail","6":"product_cat-mantas-e-colchas","7":"product_cat-texteis","9":"first","10":"instock","11":"taxable","12":"shipping-taxable","13":"purchasable","14":"product-type-simple"},"acf":[],"aioseo_notices":[],"_links":{"self":[{"href":"https:\/\/silenthome.com\/es\/wp-json\/wp\/v2\/product\/5475","targetHints":{"allow":["GET"]}}],"collection":[{"href":"https:\/\/silenthome.com\/es\/wp-json\/wp\/v2\/product"}],"about":[{"href":"https:\/\/silenthome.com\/es\/wp-json\/wp\/v2\/types\/product"}],"replies":[{"embeddable":true,"href":"https:\/\/silenthome.com\/es\/wp-json\/wp\/v2\/comments?post=5475"}],"wp:featuredmedia":[{"embeddable":true,"href":"https:\/\/silenthome.com\/es\/wp-json\/wp\/v2\/media\/5839"}],"wp:attachment":[{"href":"https:\/\/silenthome.com\/es\/wp-json\/wp\/v2\/media?parent=5475"}],"wp:term":[{"taxonomy":"product_brand","embeddable":true,"href":"https:\/\/silenthome.com\/es\/wp-json\/wp\/v2\/product_brand?post=5475"},{"taxonomy":"product_cat","embeddable":true,"href":"https:\/\/silenthome.com\/es\/wp-json\/wp\/v2\/product_cat?post=5475"},{"taxonomy":"product_tag","embeddable":true,"href":"https:\/\/silenthome.com\/es\/wp-json\/wp\/v2\/product_tag?post=5475"}],"curies":[{"name":"wp","href":"https:\/\/api.w.org\/{rel}","templated":true}]}}