{"id":5473,"date":"2024-11-07T15:41:37","date_gmt":"2024-11-07T15:41:37","guid":{"rendered":"https:\/\/silenthome.com\/produto\/conjunto-de-facas-para-queijo-inox-e-resina\/"},"modified":"2025-08-04T12:53:44","modified_gmt":"2025-08-04T11:53:44","slug":"conjunto-de-facas-para-queijo-inox-e-resina","status":"publish","type":"product","link":"https:\/\/silenthome.com\/es\/producto\/conjunto-de-facas-para-queijo-inox-e-resina\/","title":{"rendered":"JUEGO DE CUCHILLOS PARA QUESO DE ACERO INOXIDABLE Y RESINA"},"content":{"rendered":"","protected":false},"excerpt":{"rendered":"<p>Este juego de cuchillos para queso re\u00fane las herramientas esenciales para cortar y servir quesos con<strong> facilidad y precisi\u00f3n<\/strong>. Cada cuchillo est\u00e1 dise\u00f1ado para un uso espec\u00edfico, garantizando cortes limpios y una presentaci\u00f3n cuidada.<br data-start=\"404\" data-end=\"407\" \/>Ideal para socializar, <strong>combina funcionalidad y est\u00e9tica <\/strong>en cualquier ocasi\u00f3n.<\/p>","protected":false},"featured_media":5785,"comment_status":"open","ping_status":"closed","template":"","meta":{"_acf_changed":false},"product_brand":[],"product_cat":[121,119],"product_tag":[],"class_list":{"0":"post-5473","1":"product","2":"type-product","3":"status-publish","4":"has-post-thumbnail","6":"product_cat-acessorios-de-cozinha-cozinha","7":"product_cat-mesa-e-cozinha","9":"first","10":"instock","11":"taxable","12":"shipping-taxable","13":"purchasable","14":"product-type-simple"},"acf":[],"aioseo_notices":[],"_links":{"self":[{"href":"https:\/\/silenthome.com\/es\/wp-json\/wp\/v2\/product\/5473","targetHints":{"allow":["GET"]}}],"collection":[{"href":"https:\/\/silenthome.com\/es\/wp-json\/wp\/v2\/product"}],"about":[{"href":"https:\/\/silenthome.com\/es\/wp-json\/wp\/v2\/types\/product"}],"replies":[{"embeddable":true,"href":"https:\/\/silenthome.com\/es\/wp-json\/wp\/v2\/comments?post=5473"}],"wp:featuredmedia":[{"embeddable":true,"href":"https:\/\/silenthome.com\/es\/wp-json\/wp\/v2\/media\/5785"}],"wp:attachment":[{"href":"https:\/\/silenthome.com\/es\/wp-json\/wp\/v2\/media?parent=5473"}],"wp:term":[{"taxonomy":"product_brand","embeddable":true,"href":"https:\/\/silenthome.com\/es\/wp-json\/wp\/v2\/product_brand?post=5473"},{"taxonomy":"product_cat","embeddable":true,"href":"https:\/\/silenthome.com\/es\/wp-json\/wp\/v2\/product_cat?post=5473"},{"taxonomy":"product_tag","embeddable":true,"href":"https:\/\/silenthome.com\/es\/wp-json\/wp\/v2\/product_tag?post=5473"}],"curies":[{"name":"wp","href":"https:\/\/api.w.org\/{rel}","templated":true}]}}