{"id":5463,"date":"2024-11-07T15:41:32","date_gmt":"2024-11-07T15:41:32","guid":{"rendered":"https:\/\/silenthome.com\/produto\/champanheira-inox-40x40x23-mate-preto\/"},"modified":"2025-11-07T20:46:48","modified_gmt":"2025-11-07T20:46:48","slug":"champanheira-inox-40x40x23-mate-preto","status":"publish","type":"product","link":"https:\/\/silenthome.com\/es\/producto\/champanheira-inox-40x40x23-mate-preto\/","title":{"rendered":"PETACA DE ACERO INOXIDABLE NEGRA PARA CHAMP\u00c1N"},"content":{"rendered":"","protected":false},"excerpt":{"rendered":"<p data-pm-slice=\"1 1 []\">Esta botella de champ\u00e1n es la soluci\u00f3n ideal para mantener sus botellas a la temperatura perfecta. Con un <strong>dise\u00f1o elegante<\/strong> y acabado en acero inoxidable negro y dorado, le da un toque de color. <strong>moderno y sofisticado<\/strong> en tu mesa.<\/p>\n<p>&nbsp;<\/p>\n<p>Perfecta para ocasiones especiales y reuniones sociales, esta copa de champ\u00e1n combina <strong>funcionalidad y est\u00e9tica<\/strong>Se adapta a cualquier ocasi\u00f3n o entorno.<\/p>","protected":false},"featured_media":5781,"comment_status":"open","ping_status":"closed","template":"","meta":{"_acf_changed":false},"product_brand":[],"product_cat":[121,119],"product_tag":[],"class_list":{"0":"post-5463","1":"product","2":"type-product","3":"status-publish","4":"has-post-thumbnail","6":"product_cat-acessorios-de-cozinha-cozinha","7":"product_cat-mesa-e-cozinha","9":"first","10":"outofstock","11":"taxable","12":"shipping-taxable","13":"purchasable","14":"product-type-simple"},"acf":[],"aioseo_notices":[],"_links":{"self":[{"href":"https:\/\/silenthome.com\/es\/wp-json\/wp\/v2\/product\/5463","targetHints":{"allow":["GET"]}}],"collection":[{"href":"https:\/\/silenthome.com\/es\/wp-json\/wp\/v2\/product"}],"about":[{"href":"https:\/\/silenthome.com\/es\/wp-json\/wp\/v2\/types\/product"}],"replies":[{"embeddable":true,"href":"https:\/\/silenthome.com\/es\/wp-json\/wp\/v2\/comments?post=5463"}],"wp:featuredmedia":[{"embeddable":true,"href":"https:\/\/silenthome.com\/es\/wp-json\/wp\/v2\/media\/5781"}],"wp:attachment":[{"href":"https:\/\/silenthome.com\/es\/wp-json\/wp\/v2\/media?parent=5463"}],"wp:term":[{"taxonomy":"product_brand","embeddable":true,"href":"https:\/\/silenthome.com\/es\/wp-json\/wp\/v2\/product_brand?post=5463"},{"taxonomy":"product_cat","embeddable":true,"href":"https:\/\/silenthome.com\/es\/wp-json\/wp\/v2\/product_cat?post=5463"},{"taxonomy":"product_tag","embeddable":true,"href":"https:\/\/silenthome.com\/es\/wp-json\/wp\/v2\/product_tag?post=5463"}],"curies":[{"name":"wp","href":"https:\/\/api.w.org\/{rel}","templated":true}]}}