{"id":5460,"date":"2024-11-07T15:41:31","date_gmt":"2024-11-07T15:41:31","guid":{"rendered":"https:\/\/silenthome.com\/produto\/seagrass-cesto-natural-48x28x29\/"},"modified":"2025-05-30T11:26:15","modified_gmt":"2025-05-30T10:26:15","slug":"seagrass-cesto-natural-48x28x29","status":"publish","type":"product","link":"https:\/\/silenthome.com\/es\/producto\/seagrass-cesto-natural-48x28x29\/","title":{"rendered":"HIERBA MARINA, CESTA NATURAL MEDIANA 36X36X30CM"},"content":{"rendered":"","protected":false},"excerpt":{"rendered":"<p data-start=\"130\" data-end=\"348\">Esta cesta es una <strong>soluci\u00f3n pr\u00e1ctica y vers\u00e1til<\/strong> para organizar una gran variedad de objetos. Fabricado con fibras naturales, ofrece <strong data-start=\"277\" data-end=\"293\">durabilidad<\/strong> y un toque artesanal que realza cualquier espacio.<\/p>\n<p data-start=\"350\" data-end=\"538\">Adem\u00e1s de <strong data-start=\"358\" data-end=\"371\">funcional<\/strong>Esta cesta es tambi\u00e9n un elemento decorativo que a\u00f1ade encanto y personalidad a cualquier estancia, adapt\u00e1ndose f\u00e1cilmente a su estilo de decoraci\u00f3n.<\/p>","protected":false},"featured_media":5860,"comment_status":"open","ping_status":"closed","template":"","meta":{"_acf_changed":false},"product_brand":[],"product_cat":[121,119],"product_tag":[],"class_list":{"0":"post-5460","1":"product","2":"type-product","3":"status-publish","4":"has-post-thumbnail","6":"product_cat-acessorios-de-cozinha-cozinha","7":"product_cat-mesa-e-cozinha","9":"first","10":"instock","11":"taxable","12":"shipping-taxable","13":"purchasable","14":"product-type-simple"},"acf":[],"aioseo_notices":[],"_links":{"self":[{"href":"https:\/\/silenthome.com\/es\/wp-json\/wp\/v2\/product\/5460","targetHints":{"allow":["GET"]}}],"collection":[{"href":"https:\/\/silenthome.com\/es\/wp-json\/wp\/v2\/product"}],"about":[{"href":"https:\/\/silenthome.com\/es\/wp-json\/wp\/v2\/types\/product"}],"replies":[{"embeddable":true,"href":"https:\/\/silenthome.com\/es\/wp-json\/wp\/v2\/comments?post=5460"}],"wp:featuredmedia":[{"embeddable":true,"href":"https:\/\/silenthome.com\/es\/wp-json\/wp\/v2\/media\/5860"}],"wp:attachment":[{"href":"https:\/\/silenthome.com\/es\/wp-json\/wp\/v2\/media?parent=5460"}],"wp:term":[{"taxonomy":"product_brand","embeddable":true,"href":"https:\/\/silenthome.com\/es\/wp-json\/wp\/v2\/product_brand?post=5460"},{"taxonomy":"product_cat","embeddable":true,"href":"https:\/\/silenthome.com\/es\/wp-json\/wp\/v2\/product_cat?post=5460"},{"taxonomy":"product_tag","embeddable":true,"href":"https:\/\/silenthome.com\/es\/wp-json\/wp\/v2\/product_tag?post=5460"}],"curies":[{"name":"wp","href":"https:\/\/api.w.org\/{rel}","templated":true}]}}