{"id":5441,"date":"2024-11-07T15:41:22","date_gmt":"2024-11-07T15:41:22","guid":{"rendered":"https:\/\/silenthome.com\/produto\/conjunto-2-copos-de-whisky\/"},"modified":"2025-05-26T16:46:50","modified_gmt":"2025-05-26T15:46:50","slug":"conjunto-2-copos-de-whisky","status":"publish","type":"product","link":"https:\/\/silenthome.com\/es\/producto\/conjunto-2-copos-de-whisky\/","title":{"rendered":"SET DE 2 VASOS DE WHISKY"},"content":{"rendered":"","protected":false},"excerpt":{"rendered":"<p>Eleve su experiencia de degustaci\u00f3n con este juego de 2 vasos para whisky, <strong>ideal para los amantes del dise\u00f1o y la funcionalidad<\/strong>Estos vasos son perfectos para servir whisky solo, con hielo o en sofisticados c\u00f3cteles. Este juego es <strong>tambi\u00e9n es una excelente opci\u00f3n de regalo para los entusiastas del whisky o para cualquiera que aprecie los utensilios de bar con estilo.<\/strong><\/p>","protected":false},"featured_media":5820,"comment_status":"open","ping_status":"closed","template":"","meta":{"_acf_changed":false},"product_brand":[],"product_cat":[121,119],"product_tag":[],"class_list":{"0":"post-5441","1":"product","2":"type-product","3":"status-publish","4":"has-post-thumbnail","6":"product_cat-acessorios-de-cozinha-cozinha","7":"product_cat-mesa-e-cozinha","9":"first","10":"instock","11":"taxable","12":"shipping-taxable","13":"purchasable","14":"product-type-simple"},"acf":[],"aioseo_notices":[],"_links":{"self":[{"href":"https:\/\/silenthome.com\/es\/wp-json\/wp\/v2\/product\/5441","targetHints":{"allow":["GET"]}}],"collection":[{"href":"https:\/\/silenthome.com\/es\/wp-json\/wp\/v2\/product"}],"about":[{"href":"https:\/\/silenthome.com\/es\/wp-json\/wp\/v2\/types\/product"}],"replies":[{"embeddable":true,"href":"https:\/\/silenthome.com\/es\/wp-json\/wp\/v2\/comments?post=5441"}],"wp:featuredmedia":[{"embeddable":true,"href":"https:\/\/silenthome.com\/es\/wp-json\/wp\/v2\/media\/5820"}],"wp:attachment":[{"href":"https:\/\/silenthome.com\/es\/wp-json\/wp\/v2\/media?parent=5441"}],"wp:term":[{"taxonomy":"product_brand","embeddable":true,"href":"https:\/\/silenthome.com\/es\/wp-json\/wp\/v2\/product_brand?post=5441"},{"taxonomy":"product_cat","embeddable":true,"href":"https:\/\/silenthome.com\/es\/wp-json\/wp\/v2\/product_cat?post=5441"},{"taxonomy":"product_tag","embeddable":true,"href":"https:\/\/silenthome.com\/es\/wp-json\/wp\/v2\/product_tag?post=5441"}],"curies":[{"name":"wp","href":"https:\/\/api.w.org\/{rel}","templated":true}]}}