{"id":5420,"date":"2024-11-07T15:41:10","date_gmt":"2024-11-07T15:41:10","guid":{"rendered":"https:\/\/silenthome.com\/produto\/organizador-talheres-ceramica-bege\/"},"modified":"2025-05-24T18:33:15","modified_gmt":"2025-05-24T17:33:15","slug":"organizador-talheres-ceramica-bege","status":"publish","type":"product","link":"https:\/\/silenthome.com\/es\/producto\/organizador-talheres-ceramica-bege\/","title":{"rendered":"ORGANIZADOR DE CUBIERTOS DE CER\u00c1MICA BEIGE"},"content":{"rendered":"","protected":false},"excerpt":{"rendered":"<p>Combinaci\u00f3n de\u00a0<strong data-start=\"121\" data-end=\"136\">resistencia<\/strong>\u00a0e\u00a0<strong data-start=\"139\" data-end=\"152\">elegancia<\/strong>, este organizador combina una estructura de cer\u00e1mica con un tabique de madera natural, ofreciendo una soluci\u00f3n <strong>pr\u00e1ctica<\/strong>\u00a0y elegante para mantener tus cubiertos organizados. Su\u00a0<strong data-start=\"333\" data-end=\"368\">dise\u00f1o discreto y contempor\u00e1neo<\/strong>\u00a0se adapta f\u00e1cilmente a cualquier cocina.<\/p>","protected":false},"featured_media":5866,"comment_status":"open","ping_status":"closed","template":"","meta":{"_acf_changed":false},"product_brand":[],"product_cat":[121,119],"product_tag":[],"class_list":{"0":"post-5420","1":"product","2":"type-product","3":"status-publish","4":"has-post-thumbnail","6":"product_cat-acessorios-de-cozinha-cozinha","7":"product_cat-mesa-e-cozinha","9":"first","10":"instock","11":"taxable","12":"shipping-taxable","13":"purchasable","14":"product-type-simple"},"acf":[],"aioseo_notices":[],"_links":{"self":[{"href":"https:\/\/silenthome.com\/es\/wp-json\/wp\/v2\/product\/5420","targetHints":{"allow":["GET"]}}],"collection":[{"href":"https:\/\/silenthome.com\/es\/wp-json\/wp\/v2\/product"}],"about":[{"href":"https:\/\/silenthome.com\/es\/wp-json\/wp\/v2\/types\/product"}],"replies":[{"embeddable":true,"href":"https:\/\/silenthome.com\/es\/wp-json\/wp\/v2\/comments?post=5420"}],"wp:featuredmedia":[{"embeddable":true,"href":"https:\/\/silenthome.com\/es\/wp-json\/wp\/v2\/media\/5866"}],"wp:attachment":[{"href":"https:\/\/silenthome.com\/es\/wp-json\/wp\/v2\/media?parent=5420"}],"wp:term":[{"taxonomy":"product_brand","embeddable":true,"href":"https:\/\/silenthome.com\/es\/wp-json\/wp\/v2\/product_brand?post=5420"},{"taxonomy":"product_cat","embeddable":true,"href":"https:\/\/silenthome.com\/es\/wp-json\/wp\/v2\/product_cat?post=5420"},{"taxonomy":"product_tag","embeddable":true,"href":"https:\/\/silenthome.com\/es\/wp-json\/wp\/v2\/product_tag?post=5420"}],"curies":[{"name":"wp","href":"https:\/\/api.w.org\/{rel}","templated":true}]}}