{"id":5413,"date":"2024-11-07T15:41:07","date_gmt":"2024-11-07T15:41:07","guid":{"rendered":"https:\/\/silenthome.com\/produto\/escorredor-inox-e-bambu-bege\/"},"modified":"2025-05-24T10:54:52","modified_gmt":"2025-05-24T09:54:52","slug":"escorredor-inox-e-bambu-bege","status":"publish","type":"product","link":"https:\/\/silenthome.com\/es\/producto\/escorredor-inox-e-bambu-bege\/","title":{"rendered":"ESCURRIDOR DE ACERO INOXIDABLE BEIGE OSCURO Y BAMB\u00da"},"content":{"rendered":"","protected":false},"excerpt":{"rendered":"<p>El escurridor de acero inoxidable y bamb\u00fa es un<strong> soluci\u00f3n pr\u00e1ctica y resistente <\/strong>para el uso diario en su cocina. Con un <strong>aspecto ligero y discreto<\/strong>combina la elegancia del acero inoxidable con la textura natural del bamb\u00fa, creando un equilibrio visual que se integra f\u00e1cilmente en cualquier tipo de cocina.<\/p>","protected":false},"featured_media":5735,"comment_status":"open","ping_status":"closed","template":"","meta":{"_acf_changed":false},"product_brand":[],"product_cat":[121,119],"product_tag":[],"class_list":{"0":"post-5413","1":"product","2":"type-product","3":"status-publish","4":"has-post-thumbnail","6":"product_cat-acessorios-de-cozinha-cozinha","7":"product_cat-mesa-e-cozinha","9":"first","10":"instock","11":"taxable","12":"shipping-taxable","13":"purchasable","14":"product-type-simple"},"acf":[],"aioseo_notices":[],"_links":{"self":[{"href":"https:\/\/silenthome.com\/es\/wp-json\/wp\/v2\/product\/5413","targetHints":{"allow":["GET"]}}],"collection":[{"href":"https:\/\/silenthome.com\/es\/wp-json\/wp\/v2\/product"}],"about":[{"href":"https:\/\/silenthome.com\/es\/wp-json\/wp\/v2\/types\/product"}],"replies":[{"embeddable":true,"href":"https:\/\/silenthome.com\/es\/wp-json\/wp\/v2\/comments?post=5413"}],"wp:featuredmedia":[{"embeddable":true,"href":"https:\/\/silenthome.com\/es\/wp-json\/wp\/v2\/media\/5735"}],"wp:attachment":[{"href":"https:\/\/silenthome.com\/es\/wp-json\/wp\/v2\/media?parent=5413"}],"wp:term":[{"taxonomy":"product_brand","embeddable":true,"href":"https:\/\/silenthome.com\/es\/wp-json\/wp\/v2\/product_brand?post=5413"},{"taxonomy":"product_cat","embeddable":true,"href":"https:\/\/silenthome.com\/es\/wp-json\/wp\/v2\/product_cat?post=5413"},{"taxonomy":"product_tag","embeddable":true,"href":"https:\/\/silenthome.com\/es\/wp-json\/wp\/v2\/product_tag?post=5413"}],"curies":[{"name":"wp","href":"https:\/\/api.w.org\/{rel}","templated":true}]}}