{"id":5409,"date":"2024-11-07T15:41:05","date_gmt":"2024-11-07T15:41:05","guid":{"rendered":"https:\/\/silenthome.com\/produto\/dolomite-taca-bolas-branco\/"},"modified":"2025-12-06T15:58:48","modified_gmt":"2025-12-06T15:58:48","slug":"dolomite-taca-bolas-branco","status":"publish","type":"product","link":"https:\/\/silenthome.com\/es\/producto\/dolomite-taca-bolas-branco\/","title":{"rendered":"BOL DE DOLOMITA BLANCO"},"content":{"rendered":"","protected":false},"excerpt":{"rendered":"<p>La Copa Dolomita Blanca es una original pieza decorativa que destaca por su forma esf\u00e9rica y su acabado esmaltado en blanco, enriquecido con detalles de color que le confieren un aspecto \u00fanico.<strong> toque l\u00fadico<\/strong> y contempor\u00e1neo. <strong>Este jarr\u00f3n es ideal para ambientes modernos y creativos, aportando originalidad y color a cualquier espacio.<\/strong><\/p>","protected":false},"featured_media":6341,"comment_status":"open","ping_status":"closed","template":"","meta":{"_acf_changed":false},"product_brand":[],"product_cat":[73,83],"product_tag":[],"class_list":{"0":"post-5409","1":"product","2":"type-product","3":"status-publish","4":"has-post-thumbnail","6":"product_cat-decoracao","7":"product_cat-jarras","9":"first","10":"instock","11":"taxable","12":"shipping-taxable","13":"purchasable","14":"product-type-simple"},"acf":[],"aioseo_notices":[],"_links":{"self":[{"href":"https:\/\/silenthome.com\/es\/wp-json\/wp\/v2\/product\/5409","targetHints":{"allow":["GET"]}}],"collection":[{"href":"https:\/\/silenthome.com\/es\/wp-json\/wp\/v2\/product"}],"about":[{"href":"https:\/\/silenthome.com\/es\/wp-json\/wp\/v2\/types\/product"}],"replies":[{"embeddable":true,"href":"https:\/\/silenthome.com\/es\/wp-json\/wp\/v2\/comments?post=5409"}],"wp:featuredmedia":[{"embeddable":true,"href":"https:\/\/silenthome.com\/es\/wp-json\/wp\/v2\/media\/6341"}],"wp:attachment":[{"href":"https:\/\/silenthome.com\/es\/wp-json\/wp\/v2\/media?parent=5409"}],"wp:term":[{"taxonomy":"product_brand","embeddable":true,"href":"https:\/\/silenthome.com\/es\/wp-json\/wp\/v2\/product_brand?post=5409"},{"taxonomy":"product_cat","embeddable":true,"href":"https:\/\/silenthome.com\/es\/wp-json\/wp\/v2\/product_cat?post=5409"},{"taxonomy":"product_tag","embeddable":true,"href":"https:\/\/silenthome.com\/es\/wp-json\/wp\/v2\/product_tag?post=5409"}],"curies":[{"name":"wp","href":"https:\/\/api.w.org\/{rel}","templated":true}]}}