{"id":5406,"date":"2024-11-07T15:41:00","date_gmt":"2024-11-07T15:41:00","guid":{"rendered":"https:\/\/silenthome.com\/produto\/castical-metal-rugoso-branco-grand\/"},"modified":"2026-03-21T15:32:23","modified_gmt":"2026-03-21T15:32:23","slug":"castical-metal-rugoso-branco-grand","status":"publish","type":"product","link":"https:\/\/silenthome.com\/es\/producto\/castical-metal-rugoso-branco-grand\/","title":{"rendered":"CANDELABRO DE METAL EN BRUTO BLANCO GRAND"},"content":{"rendered":"","protected":false},"excerpt":{"rendered":"<p>El candelabro Rough Metal tiene un acabado que acent\u00faa su car\u00e1cter \u00fanico. Con sus l\u00edneas sencillas, esta pieza es ideal para a\u00f1adir un toque de discreta elegancia a cualquier estancia. <strong>Vers\u00e1til<\/strong>Se integra armoniosamente en diversos estilos decorativos, proporcionando un <strong>iluminaci\u00f3n acogedora<\/strong> y un <strong>toque refinado<\/strong>.<\/p>","protected":false},"featured_media":5642,"comment_status":"open","ping_status":"closed","template":"","meta":{"_acf_changed":false},"product_brand":[],"product_cat":[84,73],"product_tag":[],"class_list":{"0":"post-5406","1":"product","2":"type-product","3":"status-publish","4":"has-post-thumbnail","6":"product_cat-casticais","7":"product_cat-decoracao","9":"first","10":"instock","11":"taxable","12":"shipping-taxable","13":"purchasable","14":"product-type-simple"},"acf":[],"aioseo_notices":[],"_links":{"self":[{"href":"https:\/\/silenthome.com\/es\/wp-json\/wp\/v2\/product\/5406","targetHints":{"allow":["GET"]}}],"collection":[{"href":"https:\/\/silenthome.com\/es\/wp-json\/wp\/v2\/product"}],"about":[{"href":"https:\/\/silenthome.com\/es\/wp-json\/wp\/v2\/types\/product"}],"replies":[{"embeddable":true,"href":"https:\/\/silenthome.com\/es\/wp-json\/wp\/v2\/comments?post=5406"}],"wp:featuredmedia":[{"embeddable":true,"href":"https:\/\/silenthome.com\/es\/wp-json\/wp\/v2\/media\/5642"}],"wp:attachment":[{"href":"https:\/\/silenthome.com\/es\/wp-json\/wp\/v2\/media?parent=5406"}],"wp:term":[{"taxonomy":"product_brand","embeddable":true,"href":"https:\/\/silenthome.com\/es\/wp-json\/wp\/v2\/product_brand?post=5406"},{"taxonomy":"product_cat","embeddable":true,"href":"https:\/\/silenthome.com\/es\/wp-json\/wp\/v2\/product_cat?post=5406"},{"taxonomy":"product_tag","embeddable":true,"href":"https:\/\/silenthome.com\/es\/wp-json\/wp\/v2\/product_tag?post=5406"}],"curies":[{"name":"wp","href":"https:\/\/api.w.org\/{rel}","templated":true}]}}