{"id":5404,"date":"2024-11-07T15:40:59","date_gmt":"2024-11-07T15:40:59","guid":{"rendered":"https:\/\/silenthome.com\/produto\/castical-vidro-fumado-transparente-grande\/"},"modified":"2025-09-26T19:01:13","modified_gmt":"2025-09-26T18:01:13","slug":"castical-vidro-fumado-transparente-grande","status":"publish","type":"product","link":"https:\/\/silenthome.com\/es\/producto\/castical-vidro-fumado-transparente-grande\/","title":{"rendered":"CANDELABRO GRANDE DE CRISTAL AHUMADO TRANSPARENTE"},"content":{"rendered":"","protected":false},"excerpt":{"rendered":"<p data-start=\"66\" data-end=\"437\">Este candelabro de cristal ahumado transparente destaca por su <strong data-start=\"133\" data-end=\"166\">dise\u00f1o minimalista y elegante<\/strong>. El acabado ahumado le da un<strong data-start=\"181\" data-end=\"234\"> sofisticado y moderno<\/strong>convirti\u00e9ndolo en una pieza <strong data-start=\"256\" data-end=\"268\">vers\u00e1til<\/strong> que se integra f\u00e1cilmente en diversos estilos de decoraci\u00f3n. Es ideal para a\u00f1adir un detalle <strong data-start=\"382\" data-end=\"418\">refinado y contempor\u00e1neo<\/strong> a cualquier espacio.<\/p>","protected":false},"featured_media":5632,"comment_status":"open","ping_status":"closed","template":"","meta":{"_acf_changed":false},"product_brand":[],"product_cat":[84,73],"product_tag":[],"class_list":{"0":"post-5404","1":"product","2":"type-product","3":"status-publish","4":"has-post-thumbnail","6":"product_cat-casticais","7":"product_cat-decoracao","9":"first","10":"instock","11":"taxable","12":"shipping-taxable","13":"purchasable","14":"product-type-simple"},"acf":[],"aioseo_notices":[],"_links":{"self":[{"href":"https:\/\/silenthome.com\/es\/wp-json\/wp\/v2\/product\/5404","targetHints":{"allow":["GET"]}}],"collection":[{"href":"https:\/\/silenthome.com\/es\/wp-json\/wp\/v2\/product"}],"about":[{"href":"https:\/\/silenthome.com\/es\/wp-json\/wp\/v2\/types\/product"}],"replies":[{"embeddable":true,"href":"https:\/\/silenthome.com\/es\/wp-json\/wp\/v2\/comments?post=5404"}],"wp:featuredmedia":[{"embeddable":true,"href":"https:\/\/silenthome.com\/es\/wp-json\/wp\/v2\/media\/5632"}],"wp:attachment":[{"href":"https:\/\/silenthome.com\/es\/wp-json\/wp\/v2\/media?parent=5404"}],"wp:term":[{"taxonomy":"product_brand","embeddable":true,"href":"https:\/\/silenthome.com\/es\/wp-json\/wp\/v2\/product_brand?post=5404"},{"taxonomy":"product_cat","embeddable":true,"href":"https:\/\/silenthome.com\/es\/wp-json\/wp\/v2\/product_cat?post=5404"},{"taxonomy":"product_tag","embeddable":true,"href":"https:\/\/silenthome.com\/es\/wp-json\/wp\/v2\/product_tag?post=5404"}],"curies":[{"name":"wp","href":"https:\/\/api.w.org\/{rel}","templated":true}]}}