{"id":5145,"date":"2024-10-29T12:06:59","date_gmt":"2024-10-29T12:06:59","guid":{"rendered":"https:\/\/silenthome.com\/produto\/great-escapes-yoga\/"},"modified":"2026-04-23T19:16:21","modified_gmt":"2026-04-23T18:16:21","slug":"great-escapes-yoga","status":"publish","type":"product","link":"https:\/\/silenthome.com\/es\/producto\/great-escapes-yoga\/","title":{"rendered":"Great Escapes Yoga, Libro"},"content":{"rendered":"","protected":false},"excerpt":{"rendered":"<p><strong>\u00bfBusca un destino de vacaciones que le deje relajado y lleno de energ\u00eda?<\/strong><\/p>\n<p><strong>Encuentra inspiraci\u00f3n para calmar el alma en esta colecci\u00f3n actualizada de retiros de yoga. Angelika Taschen presenta los lugares m\u00e1s exquisitos del mundo<\/strong>Viajaremos desde el ashram Parmarth Niketan de Rishikesh, cuna del yoga, hasta Santani, una antigua plantaci\u00f3n de t\u00e9 de 48 acres en Sri Lanka, donde la felicidad cumple las normas m\u00e1s estrictas de sostenibilidad y ecolog\u00eda. Destaca el Parmarth Niketan Ashram de Rishikesh, una de las ciudades santas del Ganges y renombrado lugar de peregrinaci\u00f3n donde los Beatles acudieron al ashram del Maharishi en 1968. Italia no es s\u00f3lo un destino para el viajero cultural y culinario, sino tambi\u00e9n para el yogui entregado: Santa Maria del Sole, en Apulia, logra el equilibrio perfecto entre el yoga y el sensual estilo de vida italiano.<br \/>\nAlto Para\u00edso, una joya oculta en las altas llanuras de Brasil, est\u00e1 enclavado en una exuberante selva tropical, hogar de algunas de las especies de flora y fauna m\u00e1s diversas del mundo. El Instituto Esalen de Big Sur es un destino legendario de la Nueva Era, que ofrece yoga y mucho m\u00e1s, con m\u00e1s de 500 talleres espirituales y f\u00edsicos; Kretashala, uno de los lugares m\u00e1s populares de Europa para practicar Vinyasa Yoga, ofrece aut\u00e9ntica cocina cretense e impresionantes vistas de la interminable extensi\u00f3n de mar de Libia; mientras que el Bikini Boot Camp de Amansala, en Tulum (M\u00e9xico), combina la vida playera con las clases de yoga.<\/p>","protected":false},"featured_media":5152,"comment_status":"open","ping_status":"closed","template":"","meta":{"_acf_changed":false},"product_brand":[],"product_cat":[113],"product_tag":[],"class_list":{"0":"post-5145","1":"product","2":"type-product","3":"status-publish","4":"has-post-thumbnail","6":"product_cat-livros","8":"first","9":"instock","10":"taxable","11":"shipping-taxable","12":"purchasable","13":"product-type-simple"},"acf":[],"aioseo_notices":[],"_links":{"self":[{"href":"https:\/\/silenthome.com\/es\/wp-json\/wp\/v2\/product\/5145","targetHints":{"allow":["GET"]}}],"collection":[{"href":"https:\/\/silenthome.com\/es\/wp-json\/wp\/v2\/product"}],"about":[{"href":"https:\/\/silenthome.com\/es\/wp-json\/wp\/v2\/types\/product"}],"replies":[{"embeddable":true,"href":"https:\/\/silenthome.com\/es\/wp-json\/wp\/v2\/comments?post=5145"}],"wp:featuredmedia":[{"embeddable":true,"href":"https:\/\/silenthome.com\/es\/wp-json\/wp\/v2\/media\/5152"}],"wp:attachment":[{"href":"https:\/\/silenthome.com\/es\/wp-json\/wp\/v2\/media?parent=5145"}],"wp:term":[{"taxonomy":"product_brand","embeddable":true,"href":"https:\/\/silenthome.com\/es\/wp-json\/wp\/v2\/product_brand?post=5145"},{"taxonomy":"product_cat","embeddable":true,"href":"https:\/\/silenthome.com\/es\/wp-json\/wp\/v2\/product_cat?post=5145"},{"taxonomy":"product_tag","embeddable":true,"href":"https:\/\/silenthome.com\/es\/wp-json\/wp\/v2\/product_tag?post=5145"}],"curies":[{"name":"wp","href":"https:\/\/api.w.org\/{rel}","templated":true}]}}