{"id":5141,"date":"2024-10-29T12:06:58","date_gmt":"2024-10-29T12:06:58","guid":{"rendered":"https:\/\/silenthome.com\/produto\/chanel-catwalk\/"},"modified":"2026-04-23T19:16:22","modified_gmt":"2026-04-23T18:16:22","slug":"chanel-catwalk","status":"publish","type":"product","link":"https:\/\/silenthome.com\/es\/producto\/chanel-catwalk\/","title":{"rendered":"Pasarela Chanel, Libro"},"content":{"rendered":"","protected":false},"excerpt":{"rendered":"<p>Desde su primer desfile para la marca en 1983, las colecciones Chanel de Karl Lagerfeld siempre han hecho historia y marcado tendencias en todo el mundo. Por primera vez, los looks clave de todas las colecciones Chanel creadas por Lagerfeld se han reunido en un solo volumen, ofreciendo una oportunidad \u00fanica para seguir el desarrollo de una de las marcas de moda m\u00e1s influyentes del mundo y redescubrir colecciones raramente vistas.<\/p>\n<p><strong>Esta publicaci\u00f3n exclusiva comienza con una breve historia de la maison Chanel, seguida de un perfil biogr\u00e1fico de Karl Lagerfeld. A continuaci\u00f3n, explora las colecciones, organizadas cronol\u00f3gicamente e introducidas por un breve texto que revela las influencias y los aspectos m\u00e1s destacados de cada colecci\u00f3n.<\/strong><\/p>\n<p>Cada colecci\u00f3n est\u00e1 ilustrada con im\u00e1genes cuidadosamente seleccionadas de las pasarelas, que muestran cientos de trajes espectaculares, detalles, accesorios, looks de belleza y escenograf\u00edas - y, por supuesto, las principales modelos de moda que los lucieron en la pasarela como Claudia Schiffer, Linda Evangelista, Kate Moss y Cara Delevingne. Concluye el libro una rica selecci\u00f3n de obras de referencia, incluido un extenso y pr\u00e1ctico \u00edndice.<\/p>","protected":false},"featured_media":5162,"comment_status":"open","ping_status":"closed","template":"","meta":{"_acf_changed":false},"product_brand":[],"product_cat":[113],"product_tag":[],"class_list":{"0":"post-5141","1":"product","2":"type-product","3":"status-publish","4":"has-post-thumbnail","6":"product_cat-livros","8":"first","9":"instock","10":"taxable","11":"shipping-taxable","12":"purchasable","13":"product-type-simple"},"acf":[],"aioseo_notices":[],"_links":{"self":[{"href":"https:\/\/silenthome.com\/es\/wp-json\/wp\/v2\/product\/5141","targetHints":{"allow":["GET"]}}],"collection":[{"href":"https:\/\/silenthome.com\/es\/wp-json\/wp\/v2\/product"}],"about":[{"href":"https:\/\/silenthome.com\/es\/wp-json\/wp\/v2\/types\/product"}],"replies":[{"embeddable":true,"href":"https:\/\/silenthome.com\/es\/wp-json\/wp\/v2\/comments?post=5141"}],"wp:featuredmedia":[{"embeddable":true,"href":"https:\/\/silenthome.com\/es\/wp-json\/wp\/v2\/media\/5162"}],"wp:attachment":[{"href":"https:\/\/silenthome.com\/es\/wp-json\/wp\/v2\/media?parent=5141"}],"wp:term":[{"taxonomy":"product_brand","embeddable":true,"href":"https:\/\/silenthome.com\/es\/wp-json\/wp\/v2\/product_brand?post=5141"},{"taxonomy":"product_cat","embeddable":true,"href":"https:\/\/silenthome.com\/es\/wp-json\/wp\/v2\/product_cat?post=5141"},{"taxonomy":"product_tag","embeddable":true,"href":"https:\/\/silenthome.com\/es\/wp-json\/wp\/v2\/product_tag?post=5141"}],"curies":[{"name":"wp","href":"https:\/\/api.w.org\/{rel}","templated":true}]}}