{"id":5140,"date":"2024-10-29T12:06:57","date_gmt":"2024-10-29T12:06:57","guid":{"rendered":"https:\/\/silenthome.com\/produto\/dior-catwalk\/"},"modified":"2026-04-23T19:16:24","modified_gmt":"2026-04-23T18:16:24","slug":"dior-catwalk","status":"publish","type":"product","link":"https:\/\/silenthome.com\/es\/producto\/dior-catwalk\/","title":{"rendered":"Pasarela Dior, Libro"},"content":{"rendered":"","protected":false},"excerpt":{"rendered":"<p>En el 70\u00ba aniversario de la primera colecci\u00f3n de Dior (el ic\u00f3nico \"New Look\", lanzado en la primavera de 1947), este libro recorre las fabulosas colecciones de Christian Dior y de sus sucesores Yves Saint Laurent, Marc Bohan, Gianfranco Ferr\u00e9, John Galliano y Raf Simons, as\u00ed como las primeras presentaciones de Maria Grazia Chiuri para la maison.<\/p>\n<p>Cada colecci\u00f3n de alta costura est\u00e1 representada, as\u00ed como las colecciones de pr\u00eat-\u00e0-porter desde la llegada de John Galliano. Con una introducci\u00f3n y perfiles de los dise\u00f1adores a cargo de Alexander Fury, este libro ofrece una oportunidad \u00fanica de seguir el desarrollo de una de las marcas de moda m\u00e1s influyentes y lujosas de todos los tiempos, as\u00ed como de descubrir creaciones raramente vistas.<\/p>\n<p><strong>Con m\u00e1s de 1100 im\u00e1genes, este tesoro de inspiraci\u00f3n ser\u00e1 la referencia indispensable para todos los profesionales de la moda y los fans de Dior.<\/strong><\/p>","protected":false},"featured_media":5166,"comment_status":"open","ping_status":"closed","template":"","meta":{"_acf_changed":false},"product_brand":[],"product_cat":[113],"product_tag":[],"class_list":{"0":"post-5140","1":"product","2":"type-product","3":"status-publish","4":"has-post-thumbnail","6":"product_cat-livros","8":"first","9":"instock","10":"taxable","11":"shipping-taxable","12":"purchasable","13":"product-type-simple"},"acf":[],"aioseo_notices":[],"_links":{"self":[{"href":"https:\/\/silenthome.com\/es\/wp-json\/wp\/v2\/product\/5140","targetHints":{"allow":["GET"]}}],"collection":[{"href":"https:\/\/silenthome.com\/es\/wp-json\/wp\/v2\/product"}],"about":[{"href":"https:\/\/silenthome.com\/es\/wp-json\/wp\/v2\/types\/product"}],"replies":[{"embeddable":true,"href":"https:\/\/silenthome.com\/es\/wp-json\/wp\/v2\/comments?post=5140"}],"wp:featuredmedia":[{"embeddable":true,"href":"https:\/\/silenthome.com\/es\/wp-json\/wp\/v2\/media\/5166"}],"wp:attachment":[{"href":"https:\/\/silenthome.com\/es\/wp-json\/wp\/v2\/media?parent=5140"}],"wp:term":[{"taxonomy":"product_brand","embeddable":true,"href":"https:\/\/silenthome.com\/es\/wp-json\/wp\/v2\/product_brand?post=5140"},{"taxonomy":"product_cat","embeddable":true,"href":"https:\/\/silenthome.com\/es\/wp-json\/wp\/v2\/product_cat?post=5140"},{"taxonomy":"product_tag","embeddable":true,"href":"https:\/\/silenthome.com\/es\/wp-json\/wp\/v2\/product_tag?post=5140"}],"curies":[{"name":"wp","href":"https:\/\/api.w.org\/{rel}","templated":true}]}}