{"id":5139,"date":"2024-10-29T12:06:57","date_gmt":"2024-10-29T12:06:57","guid":{"rendered":"https:\/\/silenthome.com\/produto\/prada-catwalk\/"},"modified":"2026-04-23T19:16:25","modified_gmt":"2026-04-23T18:16:25","slug":"prada-catwalk","status":"publish","type":"product","link":"https:\/\/silenthome.com\/es\/producto\/prada-catwalk\/","title":{"rendered":"Pasarela Prada, Libro"},"content":{"rendered":"","protected":false},"excerpt":{"rendered":"<p>Una mirada impresionante y detallada a tres d\u00e9cadas de dise\u00f1os innovadores de Prada a trav\u00e9s de impresionantes fotograf\u00edas de pasarela. Fundada en 1913 como casa de art\u00edculos de cuero en Mil\u00e1n, Prada entr\u00f3 en el mundo de la moda cuando Miuccia Prada asumi\u00f3 la direcci\u00f3n de la empresa en 1979. Tras concentrarse en los accesorios, present\u00f3 la primera colecci\u00f3n de moda de la casa en 1988, convirtiendo r\u00e1pidamente a Prada en una de las marcas de lujo m\u00e1s influyentes del mundo. Su enfoque profundamente personal, sofisticado y sutilmente subversivo desaf\u00eda a menudo los clich\u00e9s de belleza y sensualidad, ya que se esfuerza, en sus propias palabras, por ser \"m\u00e1s inteligente, o m\u00e1s dura, o m\u00e1s complicada... o m\u00e1s joven\".<\/p>\n<p><strong>Publicado en colaboraci\u00f3n con Prada para celebrar 30 a\u00f1os de creaciones que marcan tendencia, este libro ofrece una historia completa y definitiva de la casa.<\/strong><br \/>\nOrganizada cronol\u00f3gicamente, cada colecci\u00f3n de Prada se presenta con una descripci\u00f3n de sus influencias y aspectos m\u00e1s destacados, y se ilustra con impresionantes im\u00e1genes de pasarela de modelos como Naomi Campbell, Kate Moss y Gisele B\u00fcndchen luciendo prendas, accesorios y extraordinarios looks de belleza. Con un perfil biogr\u00e1fico de Miuccia Prada y una elaborada presentaci\u00f3n de referencias, esta elegante y bien documentada retrospectiva refleja la pasi\u00f3n, la artesan\u00eda y el esp\u00edritu creativo que definen a Prada.<\/p>","protected":false},"featured_media":5149,"comment_status":"open","ping_status":"closed","template":"","meta":{"_acf_changed":false},"product_brand":[],"product_cat":[113],"product_tag":[],"class_list":{"0":"post-5139","1":"product","2":"type-product","3":"status-publish","4":"has-post-thumbnail","6":"product_cat-livros","8":"first","9":"instock","10":"taxable","11":"shipping-taxable","12":"purchasable","13":"product-type-simple"},"acf":[],"aioseo_notices":[],"_links":{"self":[{"href":"https:\/\/silenthome.com\/es\/wp-json\/wp\/v2\/product\/5139","targetHints":{"allow":["GET"]}}],"collection":[{"href":"https:\/\/silenthome.com\/es\/wp-json\/wp\/v2\/product"}],"about":[{"href":"https:\/\/silenthome.com\/es\/wp-json\/wp\/v2\/types\/product"}],"replies":[{"embeddable":true,"href":"https:\/\/silenthome.com\/es\/wp-json\/wp\/v2\/comments?post=5139"}],"wp:featuredmedia":[{"embeddable":true,"href":"https:\/\/silenthome.com\/es\/wp-json\/wp\/v2\/media\/5149"}],"wp:attachment":[{"href":"https:\/\/silenthome.com\/es\/wp-json\/wp\/v2\/media?parent=5139"}],"wp:term":[{"taxonomy":"product_brand","embeddable":true,"href":"https:\/\/silenthome.com\/es\/wp-json\/wp\/v2\/product_brand?post=5139"},{"taxonomy":"product_cat","embeddable":true,"href":"https:\/\/silenthome.com\/es\/wp-json\/wp\/v2\/product_cat?post=5139"},{"taxonomy":"product_tag","embeddable":true,"href":"https:\/\/silenthome.com\/es\/wp-json\/wp\/v2\/product_tag?post=5139"}],"curies":[{"name":"wp","href":"https:\/\/api.w.org\/{rel}","templated":true}]}}