{"id":5138,"date":"2024-10-29T12:06:55","date_gmt":"2024-10-29T12:06:55","guid":{"rendered":"https:\/\/silenthome.com\/produto\/great-escapes-mediterranean\/"},"modified":"2026-04-23T19:16:26","modified_gmt":"2026-04-23T18:16:26","slug":"great-escapes-mediterranean","status":"publish","type":"product","link":"https:\/\/silenthome.com\/es\/producto\/great-escapes-mediterranean\/","title":{"rendered":"Great Escapes Mediterranean, Libro"},"content":{"rendered":"","protected":false},"excerpt":{"rendered":"<p><strong>El azul cer\u00faleo del Mediterr\u00e1neo restaura cuerpo, mente y alma. Descubra los destinos m\u00e1s impresionantes y los lugares de ensue\u00f1o en este libro actualizado y exquisitamente ilustrado<\/strong>Desde las suites en forma de cueva de Perivolas, majestuosamente elevadas sobre el Egeo en Santorini, hasta el Hotel Le Corbusier de Marsella, lugar de peregrinaci\u00f3n para los amantes de la arquitectura. Cada hotel se presenta con fotos espectaculares, un breve texto e informaci\u00f3n esencial como direcci\u00f3n y c\u00f3mo llegar, as\u00ed como consejos sobre los libros que hay que meter en la maleta.<\/p>\n<p>El Mediterr\u00e1neo est\u00e1 rodeado por tres continentes -Europa, \u00c1frica y Asia- y aunque las culturas que rodean este mar son muy diversas, comparten armoniosamente un clima agradable, una flora y fauna distintas y, no menos importante, el azul intenso de sus aguas. Angelika Taschen parti\u00f3 en busca de los hoteles m\u00e1s bellos en una amplia variedad de costas, islas y playas, llev\u00e1ndonos de viaje por el lujoso Hotel du Cap-Eden-Roc y el ultra-chic Les Roches Rouges en la Costa Azul. Tambi\u00e9n nos introduce en la poco conocida Ermita de Pardini, en la isla italiana del Giglio, a la que s\u00f3lo se puede acceder en barco o a pie, y en Bodrum, en Turqu\u00eda, donde el elegante complejo Amanruya se esconde en una de las bah\u00edas m\u00e1s impresionantes del Mediterr\u00e1neo.<\/p>\n<p>Se presentan nuevos conceptos hoteleros, con arquitectura de alta calidad y dise\u00f1o creativo, como la finca Menorca Experimental en las Baleares, la modernista Villa Dubrovnik en Croacia y Dexamenes en el Peloponeso, donde se ha dado nueva vida a dep\u00f3sitos de vino en desuso. Otros lugares destacados son el reci\u00e9n inaugurado Mezzatorre, de elegante dise\u00f1o, en Ischia, y Torre di Cala Piccola, con su encantadora playa privada en la pen\u00ednsula del Argentario, un lugar casi desconocido que tiene el aura de la Italia de los a\u00f1os sesenta. Otro aut\u00e9ntico tesoro es La Locanda del Barbabl\u00f9, con s\u00f3lo cinco habitaciones a la sombra del m\u00edtico volc\u00e1n de Stromboli. Prep\u00e1rese para alojarse en Nord-Pinus, en T\u00e1nger, con sus fant\u00e1sticas vistas al estrecho de Gibraltar, y en las encantadoras Coco-Mat Eco Residences, en Serifos, o experimente la originalidad de Ammos, en Creta, donde el arte y el dise\u00f1o son tan esenciales como el sol y la playa.<\/p>","protected":false},"featured_media":5169,"comment_status":"open","ping_status":"closed","template":"","meta":{"_acf_changed":false},"product_brand":[],"product_cat":[113],"product_tag":[],"class_list":{"0":"post-5138","1":"product","2":"type-product","3":"status-publish","4":"has-post-thumbnail","6":"product_cat-livros","8":"first","9":"outofstock","10":"taxable","11":"shipping-taxable","12":"purchasable","13":"product-type-simple"},"acf":[],"aioseo_notices":[],"_links":{"self":[{"href":"https:\/\/silenthome.com\/es\/wp-json\/wp\/v2\/product\/5138","targetHints":{"allow":["GET"]}}],"collection":[{"href":"https:\/\/silenthome.com\/es\/wp-json\/wp\/v2\/product"}],"about":[{"href":"https:\/\/silenthome.com\/es\/wp-json\/wp\/v2\/types\/product"}],"replies":[{"embeddable":true,"href":"https:\/\/silenthome.com\/es\/wp-json\/wp\/v2\/comments?post=5138"}],"wp:featuredmedia":[{"embeddable":true,"href":"https:\/\/silenthome.com\/es\/wp-json\/wp\/v2\/media\/5169"}],"wp:attachment":[{"href":"https:\/\/silenthome.com\/es\/wp-json\/wp\/v2\/media?parent=5138"}],"wp:term":[{"taxonomy":"product_brand","embeddable":true,"href":"https:\/\/silenthome.com\/es\/wp-json\/wp\/v2\/product_brand?post=5138"},{"taxonomy":"product_cat","embeddable":true,"href":"https:\/\/silenthome.com\/es\/wp-json\/wp\/v2\/product_cat?post=5138"},{"taxonomy":"product_tag","embeddable":true,"href":"https:\/\/silenthome.com\/es\/wp-json\/wp\/v2\/product_tag?post=5138"}],"curies":[{"name":"wp","href":"https:\/\/api.w.org\/{rel}","templated":true}]}}