{"id":5137,"date":"2024-10-29T12:06:54","date_gmt":"2024-10-29T12:06:54","guid":{"rendered":"https:\/\/silenthome.com\/produto\/silk-fibre-fabric-and-fashion\/"},"modified":"2026-04-23T19:16:28","modified_gmt":"2026-04-23T18:16:28","slug":"silk-fibre-fabric-and-fashion","status":"publish","type":"product","link":"https:\/\/silenthome.com\/es\/producto\/silk-fibre-fabric-and-fashion\/","title":{"rendered":"Seda - Fibra, Tejido y Moda, Libro"},"content":{"rendered":"","protected":false},"excerpt":{"rendered":"<p>La seda ha cautivado durante mucho tiempo la imaginaci\u00f3n de personas de todo el mundo, inspirando la creatividad en la producci\u00f3n de lujosos tejidos. <strong>Este nuevo y exhaustivo estudio se basa en las excepcionales colecciones del Victoria and Albert Museum de Londres y explora la tradici\u00f3n y la innovaci\u00f3n a lo largo de la historia y la geograf\u00eda de la producci\u00f3n de la seda, celebrando el ingenio y la habilidad de dise\u00f1adores y artesanos.<\/strong> Estructurado por t\u00e9cnicas, desde el tejido y el punto hasta el te\u00f1ido, el estampado y el bordado, este compendio presenta una exquisita variedad de obras de arte, muebles y prendas de vestir, incluida la moda de recientes desfiles de dise\u00f1adores de Norteam\u00e9rica, Asia y Europa. \"Seda\" ser\u00e1 una fuente de informaci\u00f3n para todo estudiante, conocedor y admirador de los bellos tejidos.<\/p>","protected":false},"featured_media":5172,"comment_status":"open","ping_status":"closed","template":"","meta":{"_acf_changed":false},"product_brand":[],"product_cat":[113],"product_tag":[],"class_list":{"0":"post-5137","1":"product","2":"type-product","3":"status-publish","4":"has-post-thumbnail","6":"product_cat-livros","8":"first","9":"instock","10":"taxable","11":"shipping-taxable","12":"purchasable","13":"product-type-simple"},"acf":[],"aioseo_notices":[],"_links":{"self":[{"href":"https:\/\/silenthome.com\/es\/wp-json\/wp\/v2\/product\/5137","targetHints":{"allow":["GET"]}}],"collection":[{"href":"https:\/\/silenthome.com\/es\/wp-json\/wp\/v2\/product"}],"about":[{"href":"https:\/\/silenthome.com\/es\/wp-json\/wp\/v2\/types\/product"}],"replies":[{"embeddable":true,"href":"https:\/\/silenthome.com\/es\/wp-json\/wp\/v2\/comments?post=5137"}],"wp:featuredmedia":[{"embeddable":true,"href":"https:\/\/silenthome.com\/es\/wp-json\/wp\/v2\/media\/5172"}],"wp:attachment":[{"href":"https:\/\/silenthome.com\/es\/wp-json\/wp\/v2\/media?parent=5137"}],"wp:term":[{"taxonomy":"product_brand","embeddable":true,"href":"https:\/\/silenthome.com\/es\/wp-json\/wp\/v2\/product_brand?post=5137"},{"taxonomy":"product_cat","embeddable":true,"href":"https:\/\/silenthome.com\/es\/wp-json\/wp\/v2\/product_cat?post=5137"},{"taxonomy":"product_tag","embeddable":true,"href":"https:\/\/silenthome.com\/es\/wp-json\/wp\/v2\/product_tag?post=5137"}],"curies":[{"name":"wp","href":"https:\/\/api.w.org\/{rel}","templated":true}]}}