{"id":5136,"date":"2024-10-29T12:06:54","date_gmt":"2024-10-29T12:06:54","guid":{"rendered":"https:\/\/silenthome.com\/produto\/brazil\/"},"modified":"2026-04-23T19:16:27","modified_gmt":"2026-04-23T18:16:27","slug":"brazil","status":"publish","type":"product","link":"https:\/\/silenthome.com\/es\/producto\/brazil\/","title":{"rendered":"Brasil, Libro"},"content":{"rendered":"","protected":false},"excerpt":{"rendered":"<p><strong>El fot\u00f3grafo berlin\u00e9s Olaf Heine muestra la sensualidad de Brasil sin recurrir a colores llamativos, concentr\u00e1ndose sobre todo en la forma<\/strong>. El conocido fot\u00f3grafo de retratos y moda qued\u00f3 fascinado por el pa\u00eds, que visit\u00f3 varias veces. En su libro de sobremesa, Brasil, Heine yuxtapone el paisaje y la arquitectura brasile\u00f1os con las curvas de la gente, los surfistas y las siluetas femeninas. Para ello <strong>prescinde de colores que distraigan y ofrece una ins\u00f3lita visi\u00f3n de Brasil en blanco y negro<\/strong>.<\/p>","protected":false},"featured_media":5175,"comment_status":"open","ping_status":"closed","template":"","meta":{"_acf_changed":false},"product_brand":[],"product_cat":[113],"product_tag":[],"class_list":{"0":"post-5136","1":"product","2":"type-product","3":"status-publish","4":"has-post-thumbnail","6":"product_cat-livros","8":"first","9":"instock","10":"taxable","11":"shipping-taxable","12":"purchasable","13":"product-type-simple"},"acf":[],"aioseo_notices":[],"_links":{"self":[{"href":"https:\/\/silenthome.com\/es\/wp-json\/wp\/v2\/product\/5136","targetHints":{"allow":["GET"]}}],"collection":[{"href":"https:\/\/silenthome.com\/es\/wp-json\/wp\/v2\/product"}],"about":[{"href":"https:\/\/silenthome.com\/es\/wp-json\/wp\/v2\/types\/product"}],"replies":[{"embeddable":true,"href":"https:\/\/silenthome.com\/es\/wp-json\/wp\/v2\/comments?post=5136"}],"wp:featuredmedia":[{"embeddable":true,"href":"https:\/\/silenthome.com\/es\/wp-json\/wp\/v2\/media\/5175"}],"wp:attachment":[{"href":"https:\/\/silenthome.com\/es\/wp-json\/wp\/v2\/media?parent=5136"}],"wp:term":[{"taxonomy":"product_brand","embeddable":true,"href":"https:\/\/silenthome.com\/es\/wp-json\/wp\/v2\/product_brand?post=5136"},{"taxonomy":"product_cat","embeddable":true,"href":"https:\/\/silenthome.com\/es\/wp-json\/wp\/v2\/product_cat?post=5136"},{"taxonomy":"product_tag","embeddable":true,"href":"https:\/\/silenthome.com\/es\/wp-json\/wp\/v2\/product_tag?post=5136"}],"curies":[{"name":"wp","href":"https:\/\/api.w.org\/{rel}","templated":true}]}}