{"id":5135,"date":"2024-10-29T12:06:53","date_gmt":"2024-10-29T12:06:53","guid":{"rendered":"https:\/\/silenthome.com\/produto\/sebastiao-salgado-amazonia\/"},"modified":"2026-04-23T19:16:31","modified_gmt":"2026-04-23T18:16:31","slug":"sebastiao-salgado-amazonia","status":"publish","type":"product","link":"https:\/\/silenthome.com\/es\/producto\/sebastiao-salgado-amazonia\/","title":{"rendered":"Sebasti\u00e3o Salgado. Amazon, Libro"},"content":{"rendered":"","protected":false},"excerpt":{"rendered":"<p>Para\u00edso amenazado: A trav\u00e9s del objetivo del aclamado fot\u00f3grafo Sebasti\u00e3o Salgado, se capta la impresionante belleza de la selva amaz\u00f3nica y sus pueblos ind\u00edgenas. <strong>A lo largo de seis a\u00f1os, Salgado se adentr\u00f3 en esta regi\u00f3n \u00fanica, documentando sus exuberantes paisajes, su variada fauna y las vibrantes culturas de las comunidades ind\u00edgenas.<\/strong><\/p>\n<p>En el prefacio, Salgado describe el Amazonas como \"la \u00faltima frontera\", un poderoso reino de la naturaleza como ning\u00fan otro en la Tierra, repleto de una rica variedad de plantas y animales. Tras visitar una docena de tribus, entre ellas los yanomami, los ash\u00e1ninka y los aw\u00e1, capt\u00f3 momentos \u00edntimos de su vida cotidiana: la caza, la pesca, las reuniones familiares y la importancia de sus rituales y tradiciones.<\/p>\n<p>La dedicaci\u00f3n de Salgado a los pueblos ind\u00edgenas del Amazonas es profunda, pues expresa una sincera esperanza de que las generaciones futuras sigan prosperando en este extraordinario entorno. Sus im\u00e1genes son a la vez una celebraci\u00f3n de su cultura y un recordatorio conmovedor de la fragilidad de este tesoro irremplazable. <strong>A trav\u00e9s de este Para\u00edso Amenazado, Salgado nos insta a reconocer la importancia de preservar la Amazonia y sus habitantes para las generaciones futuras.<\/strong><\/p>","protected":false},"featured_media":5178,"comment_status":"open","ping_status":"closed","template":"","meta":{"_acf_changed":false},"product_brand":[],"product_cat":[113],"product_tag":[],"class_list":{"0":"post-5135","1":"product","2":"type-product","3":"status-publish","4":"has-post-thumbnail","6":"product_cat-livros","8":"first","9":"instock","10":"taxable","11":"shipping-taxable","12":"purchasable","13":"product-type-simple"},"acf":[],"aioseo_notices":[],"_links":{"self":[{"href":"https:\/\/silenthome.com\/es\/wp-json\/wp\/v2\/product\/5135","targetHints":{"allow":["GET"]}}],"collection":[{"href":"https:\/\/silenthome.com\/es\/wp-json\/wp\/v2\/product"}],"about":[{"href":"https:\/\/silenthome.com\/es\/wp-json\/wp\/v2\/types\/product"}],"replies":[{"embeddable":true,"href":"https:\/\/silenthome.com\/es\/wp-json\/wp\/v2\/comments?post=5135"}],"wp:featuredmedia":[{"embeddable":true,"href":"https:\/\/silenthome.com\/es\/wp-json\/wp\/v2\/media\/5178"}],"wp:attachment":[{"href":"https:\/\/silenthome.com\/es\/wp-json\/wp\/v2\/media?parent=5135"}],"wp:term":[{"taxonomy":"product_brand","embeddable":true,"href":"https:\/\/silenthome.com\/es\/wp-json\/wp\/v2\/product_brand?post=5135"},{"taxonomy":"product_cat","embeddable":true,"href":"https:\/\/silenthome.com\/es\/wp-json\/wp\/v2\/product_cat?post=5135"},{"taxonomy":"product_tag","embeddable":true,"href":"https:\/\/silenthome.com\/es\/wp-json\/wp\/v2\/product_tag?post=5135"}],"curies":[{"name":"wp","href":"https:\/\/api.w.org\/{rel}","templated":true}]}}