{"id":5134,"date":"2024-10-29T12:06:53","date_gmt":"2024-10-29T12:06:53","guid":{"rendered":"https:\/\/silenthome.com\/produto\/kate-moss-by-mario-testino\/"},"modified":"2026-04-23T19:16:30","modified_gmt":"2026-04-23T18:16:30","slug":"kate-moss-by-mario-testino","status":"publish","type":"product","link":"https:\/\/silenthome.com\/es\/producto\/kate-moss-by-mario-testino\/","title":{"rendered":"Kate Moss por Mario Testino, Libro"},"content":{"rendered":"","protected":false},"excerpt":{"rendered":"<p>Mario Testino: Kate Moss es una celebraci\u00f3n de la extraordinaria amistad y colaboraci\u00f3n entre dos figuras ic\u00f3nicas de la moda. Reconocido como el fot\u00f3grafo de moda m\u00e1s importante de su generaci\u00f3n, las im\u00e1genes de Testino de Kate Moss van m\u00e1s all\u00e1 de la simple moda; revelan una conexi\u00f3n profunda y personal desarrollada a lo largo de dos d\u00e9cadas.<\/p>\n<p><strong>Este libro ofrece una mirada \u00edntima a sus vidas y a su asociaci\u00f3n creativa, retratando un viaje que comenz\u00f3 entre bastidores en los desfiles de moda y evolucion\u00f3 hasta convertirse en editoriales rompedoras en prestigiosas revistas. Muchas fotograf\u00edas proceden del archivo personal de Testino y se publican aqu\u00ed por primera vez, ofreciendo una perspectiva \u00fanica de esta ic\u00f3nica colaboraci\u00f3n.<\/strong><\/p>\n<p>Es el tributo personal de Mario a Kate, que capta no s\u00f3lo su belleza, sino tambi\u00e9n su humor y su esp\u00edritu, ilustrando c\u00f3mo su colaboraci\u00f3n ha dejado una huella indeleble en el mundo de la moda y m\u00e1s all\u00e1.<\/p>","protected":false},"featured_media":5184,"comment_status":"open","ping_status":"closed","template":"","meta":{"_acf_changed":false},"product_brand":[],"product_cat":[113],"product_tag":[],"class_list":{"0":"post-5134","1":"product","2":"type-product","3":"status-publish","4":"has-post-thumbnail","6":"product_cat-livros","8":"first","9":"instock","10":"taxable","11":"shipping-taxable","12":"purchasable","13":"product-type-simple"},"acf":[],"aioseo_notices":[],"_links":{"self":[{"href":"https:\/\/silenthome.com\/es\/wp-json\/wp\/v2\/product\/5134","targetHints":{"allow":["GET"]}}],"collection":[{"href":"https:\/\/silenthome.com\/es\/wp-json\/wp\/v2\/product"}],"about":[{"href":"https:\/\/silenthome.com\/es\/wp-json\/wp\/v2\/types\/product"}],"replies":[{"embeddable":true,"href":"https:\/\/silenthome.com\/es\/wp-json\/wp\/v2\/comments?post=5134"}],"wp:featuredmedia":[{"embeddable":true,"href":"https:\/\/silenthome.com\/es\/wp-json\/wp\/v2\/media\/5184"}],"wp:attachment":[{"href":"https:\/\/silenthome.com\/es\/wp-json\/wp\/v2\/media?parent=5134"}],"wp:term":[{"taxonomy":"product_brand","embeddable":true,"href":"https:\/\/silenthome.com\/es\/wp-json\/wp\/v2\/product_brand?post=5134"},{"taxonomy":"product_cat","embeddable":true,"href":"https:\/\/silenthome.com\/es\/wp-json\/wp\/v2\/product_cat?post=5134"},{"taxonomy":"product_tag","embeddable":true,"href":"https:\/\/silenthome.com\/es\/wp-json\/wp\/v2\/product_tag?post=5134"}],"curies":[{"name":"wp","href":"https:\/\/api.w.org\/{rel}","templated":true}]}}