{"id":5133,"date":"2024-10-29T12:06:53","date_gmt":"2024-10-29T12:06:53","guid":{"rendered":"https:\/\/silenthome.com\/produto\/david-lachapelle-good-news\/"},"modified":"2026-04-23T19:16:29","modified_gmt":"2026-04-23T18:16:29","slug":"david-lachapelle-good-news","status":"publish","type":"product","link":"https:\/\/silenthome.com\/es\/producto\/david-lachapelle-good-news\/","title":{"rendered":"David LaChapelle - Buenas noticias, Libro"},"content":{"rendered":"","protected":false},"excerpt":{"rendered":"<p>TASCHEN presenta \"Lost + Found\" y \"Good News\", las \u00faltimas y definitivas publicaciones del artista David LaChapelle. Estos libros son la cuarta y quinta parte de la antolog\u00eda de cinco libros de LaChapelle, que comenz\u00f3 con LaChapelle Land (1996), continu\u00f3 con Hotel LaChapelle (1999) y fue seguida por Heaven to Hell (2006).<\/p>\n<p><strong>\"Good News\" retrata el renacimiento creativo de David LaChapelle, que se entrega a reflexiones sobre la mortalidad e intenta trascender el mundo material en busca del para\u00edso.<\/strong> Con una monumental selecci\u00f3n de im\u00e1genes, este nuevo cuerpo de trabajo es sublime e impactante, e intenta capturar lo que no puede fotografiarse. Esta colecci\u00f3n de libros representa el cap\u00edtulo final de la narrativa de LaChapelle, que ha cautivado a una generaci\u00f3n de espectadores de todo el mundo.<\/p>","protected":false},"featured_media":5181,"comment_status":"open","ping_status":"closed","template":"","meta":{"_acf_changed":false},"product_brand":[],"product_cat":[113],"product_tag":[],"class_list":{"0":"post-5133","1":"product","2":"type-product","3":"status-publish","4":"has-post-thumbnail","6":"product_cat-livros","8":"first","9":"instock","10":"taxable","11":"shipping-taxable","12":"purchasable","13":"product-type-simple"},"acf":[],"aioseo_notices":[],"_links":{"self":[{"href":"https:\/\/silenthome.com\/es\/wp-json\/wp\/v2\/product\/5133","targetHints":{"allow":["GET"]}}],"collection":[{"href":"https:\/\/silenthome.com\/es\/wp-json\/wp\/v2\/product"}],"about":[{"href":"https:\/\/silenthome.com\/es\/wp-json\/wp\/v2\/types\/product"}],"replies":[{"embeddable":true,"href":"https:\/\/silenthome.com\/es\/wp-json\/wp\/v2\/comments?post=5133"}],"wp:featuredmedia":[{"embeddable":true,"href":"https:\/\/silenthome.com\/es\/wp-json\/wp\/v2\/media\/5181"}],"wp:attachment":[{"href":"https:\/\/silenthome.com\/es\/wp-json\/wp\/v2\/media?parent=5133"}],"wp:term":[{"taxonomy":"product_brand","embeddable":true,"href":"https:\/\/silenthome.com\/es\/wp-json\/wp\/v2\/product_brand?post=5133"},{"taxonomy":"product_cat","embeddable":true,"href":"https:\/\/silenthome.com\/es\/wp-json\/wp\/v2\/product_cat?post=5133"},{"taxonomy":"product_tag","embeddable":true,"href":"https:\/\/silenthome.com\/es\/wp-json\/wp\/v2\/product_tag?post=5133"}],"curies":[{"name":"wp","href":"https:\/\/api.w.org\/{rel}","templated":true}]}}