{"id":5131,"date":"2024-10-29T12:06:52","date_gmt":"2024-10-29T12:06:52","guid":{"rendered":"https:\/\/silenthome.com\/produto\/stillness\/"},"modified":"2026-04-23T19:16:32","modified_gmt":"2026-04-23T18:16:32","slug":"stillness","status":"publish","type":"product","link":"https:\/\/silenthome.com\/es\/producto\/stillness\/","title":{"rendered":"Quietud, Libro"},"content":{"rendered":"","protected":false},"excerpt":{"rendered":"<p><strong>Stillness ofrece una mirada profusamente ilustrada a las visitas a paisajes, arquitectura y lugares culturales japoneses, revelando la influencia que las tradiciones niponas han tenido en los proyectos contempor\u00e1neos de Norm Architects.<\/strong>como el restaurante \u00c4ng, en Suecia, y la casa de playa Heatherhill, en Dinamarca.<\/p>\n<p>Al yuxtaponer im\u00e1genes de Jap\u00f3n con la obra de Norm Architects, el libro pone de relieve las conexiones seculares entre las distintas culturas del dise\u00f1o, haciendo hincapi\u00e9 en el respeto mutuo y las filosof\u00edas compartidas. Los comentarios de colaboradores expertos en ambas regiones ofrecen una comprensi\u00f3n en profundidad de los principios fundamentales del dise\u00f1o. A la vez un homenaje a Jap\u00f3n, un diario de viaje personal y un manifiesto est\u00e9tico, Stillness lleva a los lectores en el viaje de una d\u00e9cada de Norm en su b\u00fasqueda por entender una de las culturas creativas m\u00e1s veneradas del mundo.<\/p>","protected":false},"featured_media":5189,"comment_status":"open","ping_status":"closed","template":"","meta":{"_acf_changed":false},"product_brand":[],"product_cat":[113],"product_tag":[],"class_list":{"0":"post-5131","1":"product","2":"type-product","3":"status-publish","4":"has-post-thumbnail","6":"product_cat-livros","8":"first","9":"instock","10":"taxable","11":"shipping-taxable","12":"purchasable","13":"product-type-simple"},"acf":[],"aioseo_notices":[],"_links":{"self":[{"href":"https:\/\/silenthome.com\/es\/wp-json\/wp\/v2\/product\/5131","targetHints":{"allow":["GET"]}}],"collection":[{"href":"https:\/\/silenthome.com\/es\/wp-json\/wp\/v2\/product"}],"about":[{"href":"https:\/\/silenthome.com\/es\/wp-json\/wp\/v2\/types\/product"}],"replies":[{"embeddable":true,"href":"https:\/\/silenthome.com\/es\/wp-json\/wp\/v2\/comments?post=5131"}],"wp:featuredmedia":[{"embeddable":true,"href":"https:\/\/silenthome.com\/es\/wp-json\/wp\/v2\/media\/5189"}],"wp:attachment":[{"href":"https:\/\/silenthome.com\/es\/wp-json\/wp\/v2\/media?parent=5131"}],"wp:term":[{"taxonomy":"product_brand","embeddable":true,"href":"https:\/\/silenthome.com\/es\/wp-json\/wp\/v2\/product_brand?post=5131"},{"taxonomy":"product_cat","embeddable":true,"href":"https:\/\/silenthome.com\/es\/wp-json\/wp\/v2\/product_cat?post=5131"},{"taxonomy":"product_tag","embeddable":true,"href":"https:\/\/silenthome.com\/es\/wp-json\/wp\/v2\/product_tag?post=5131"}],"curies":[{"name":"wp","href":"https:\/\/api.w.org\/{rel}","templated":true}]}}