{"id":5130,"date":"2024-10-29T12:06:51","date_gmt":"2024-10-29T12:06:51","guid":{"rendered":"https:\/\/silenthome.com\/produto\/quiet-luxury\/"},"modified":"2026-04-23T19:16:35","modified_gmt":"2026-04-23T18:16:35","slug":"quiet-luxury","status":"publish","type":"product","link":"https:\/\/silenthome.com\/es\/producto\/quiet-luxury\/","title":{"rendered":"Lujo tranquilo, Libro"},"content":{"rendered":"","protected":false},"excerpt":{"rendered":"<p><strong>Quiet Luxury le lleva de viaje alrededor del mundo, explorando 18 residencias privadas realmente excepcionales.<\/strong>Cada una tiene un estilo discreto pero lujoso. Las exquisitas casas que aparecen en este libro est\u00e1n situadas en algunos de los lugares m\u00e1s codiciados, como Par\u00eds, Madrid, Dubai, Hoogstraten, Nueva York, Melbourne, Estocolmo, Atenas y Knokke. Con impresionantes fotograf\u00edas, este libro capta el estilo modesto pero opulento junto con una atenci\u00f3n excepcional a la artesan\u00eda y una ejecuci\u00f3n impecable, prestando atenci\u00f3n incluso a los detalles m\u00e1s peque\u00f1os que se encuentran en cada hogar.<\/p>","protected":false},"featured_media":5198,"comment_status":"open","ping_status":"closed","template":"","meta":{"_acf_changed":false},"product_brand":[],"product_cat":[113],"product_tag":[],"class_list":{"0":"post-5130","1":"product","2":"type-product","3":"status-publish","4":"has-post-thumbnail","6":"product_cat-livros","8":"first","9":"instock","10":"taxable","11":"shipping-taxable","12":"purchasable","13":"product-type-simple"},"acf":[],"aioseo_notices":[],"_links":{"self":[{"href":"https:\/\/silenthome.com\/es\/wp-json\/wp\/v2\/product\/5130","targetHints":{"allow":["GET"]}}],"collection":[{"href":"https:\/\/silenthome.com\/es\/wp-json\/wp\/v2\/product"}],"about":[{"href":"https:\/\/silenthome.com\/es\/wp-json\/wp\/v2\/types\/product"}],"replies":[{"embeddable":true,"href":"https:\/\/silenthome.com\/es\/wp-json\/wp\/v2\/comments?post=5130"}],"wp:featuredmedia":[{"embeddable":true,"href":"https:\/\/silenthome.com\/es\/wp-json\/wp\/v2\/media\/5198"}],"wp:attachment":[{"href":"https:\/\/silenthome.com\/es\/wp-json\/wp\/v2\/media?parent=5130"}],"wp:term":[{"taxonomy":"product_brand","embeddable":true,"href":"https:\/\/silenthome.com\/es\/wp-json\/wp\/v2\/product_brand?post=5130"},{"taxonomy":"product_cat","embeddable":true,"href":"https:\/\/silenthome.com\/es\/wp-json\/wp\/v2\/product_cat?post=5130"},{"taxonomy":"product_tag","embeddable":true,"href":"https:\/\/silenthome.com\/es\/wp-json\/wp\/v2\/product_tag?post=5130"}],"curies":[{"name":"wp","href":"https:\/\/api.w.org\/{rel}","templated":true}]}}