{"id":5128,"date":"2024-10-29T12:06:51","date_gmt":"2024-10-29T12:06:51","guid":{"rendered":"https:\/\/silenthome.com\/produto\/mezcal-and-tequila-cocktail\/"},"modified":"2026-04-23T19:16:34","modified_gmt":"2026-04-23T18:16:34","slug":"mezcal-and-tequila-cocktail","status":"publish","type":"product","link":"https:\/\/silenthome.com\/es\/producto\/mezcal-and-tequila-cocktail\/","title":{"rendered":"C\u00f3ctel de Mezcal y Tequila, Libro"},"content":{"rendered":"","protected":false},"excerpt":{"rendered":"<p><strong>Con una elegante tapa dura de l\u00e1mina de platino, Mezcal and Tequila Cocktails es una sugerente colecci\u00f3n de m\u00e1s de 60 recetas de c\u00f3cteles con mezcal y tequila.<\/strong><\/p>\n<p>\u00bfQu\u00e9 sabe sobre el mezcal? Quiz\u00e1 tenga una vaga idea de su relaci\u00f3n con el agave o de que puede haber un gusano en el fondo de la botella. Puede que tambi\u00e9n sepa que el tequila es un tipo de mezcal o que el mezcal se elabora artesanalmente con m\u00e1s intensidad que casi cualquier otro destilado, lo que lo convierte en una bebida realmente especial en su mesa. O quiz\u00e1 haya o\u00eddo hablar de sus propiedades alucin\u00f3genas -que, admit\u00e1moslo, son falsas-. En definitiva, es probable que no sepa mucho sobre el mezcal, pero si lo ha probado, tiene una cosa clara: su sabor ahumado y complejo es irresistible. Y este hecho es el responsable de su reciente aumento de popularidad en Estados Unidos.<\/p>\n<p>Mezcal Cocktails te convertir\u00e1 en un experto en esta bebida antes de que haya un bar de mezcal en cada esquina de la ciudad. Si la d\u00e9cada de 2010 fue la de los c\u00f3cteles artesanales de absenta, la de 2020 ser\u00e1 sin duda la del agave. Con una irresistible cubierta de papel de plata y m\u00e1s de 40 fotos impresionantes, Mezcal Cocktails presenta m\u00e1s de 60 recetas de c\u00f3cteles artesanales elaborados con esta bebida espirituosa anta\u00f1o dif\u00edcil de encontrar, como el Mezcal Negroni, la Mezcalita Flor de Cactus, el Oaxaca Old Fashioned y el Killer Bee Marrakesh Express. Adem\u00e1s, recetas f\u00e1ciles de ingredientes para c\u00f3cteles artesanales, desde siropes hasta guarniciones. Aunque no tiene tanta presencia como el vodka o el whisky, el mezcal es muy f\u00e1cil de trabajar, ya que su sabor combina a la perfecci\u00f3n con muchos ingredientes. El barman Emanuele Mensah comparte la rica y fascinante historia del mezcal y el tequila, al tiempo que hace del mezcal una bebida fundamental en su bar casero.<\/p>","protected":false},"featured_media":5195,"comment_status":"open","ping_status":"closed","template":"","meta":{"_acf_changed":false},"product_brand":[],"product_cat":[113],"product_tag":[],"class_list":{"0":"post-5128","1":"product","2":"type-product","3":"status-publish","4":"has-post-thumbnail","6":"product_cat-livros","8":"first","9":"instock","10":"taxable","11":"shipping-taxable","12":"purchasable","13":"product-type-simple"},"acf":[],"aioseo_notices":[],"_links":{"self":[{"href":"https:\/\/silenthome.com\/es\/wp-json\/wp\/v2\/product\/5128","targetHints":{"allow":["GET"]}}],"collection":[{"href":"https:\/\/silenthome.com\/es\/wp-json\/wp\/v2\/product"}],"about":[{"href":"https:\/\/silenthome.com\/es\/wp-json\/wp\/v2\/types\/product"}],"replies":[{"embeddable":true,"href":"https:\/\/silenthome.com\/es\/wp-json\/wp\/v2\/comments?post=5128"}],"wp:featuredmedia":[{"embeddable":true,"href":"https:\/\/silenthome.com\/es\/wp-json\/wp\/v2\/media\/5195"}],"wp:attachment":[{"href":"https:\/\/silenthome.com\/es\/wp-json\/wp\/v2\/media?parent=5128"}],"wp:term":[{"taxonomy":"product_brand","embeddable":true,"href":"https:\/\/silenthome.com\/es\/wp-json\/wp\/v2\/product_brand?post=5128"},{"taxonomy":"product_cat","embeddable":true,"href":"https:\/\/silenthome.com\/es\/wp-json\/wp\/v2\/product_cat?post=5128"},{"taxonomy":"product_tag","embeddable":true,"href":"https:\/\/silenthome.com\/es\/wp-json\/wp\/v2\/product_tag?post=5128"}],"curies":[{"name":"wp","href":"https:\/\/api.w.org\/{rel}","templated":true}]}}